{"id":1895,"date":"2015-10-27T19:58:32","date_gmt":"2015-10-27T17:58:32","guid":{"rendered":"http:\/\/cedek.hu\/onkentesseg\/?lang=en"},"modified":"2016-05-25T18:37:14","modified_gmt":"2016-05-25T16:37:14","slug":"onkentesseg","status":"publish","type":"page","link":"https:\/\/cedek.hu\/en\/onkentesseg\/","title":{"rendered":"Volunteership"},"content":{"rendered":"<\/div><\/div><\/div><!-- close content main div --><\/div><\/div><div id='av_section_1' class='avia-section main_color avia-section-default avia-no-border-styling avia-bg-style-scroll   container_wrap fullsize' style = 'background-color: #112240; '  ><div class='container' ><div class='template-page content  av-content-full alpha units'><div class='post-entry post-entry-type-page post-entry-1895'><div class='entry-content-wrapper clearfix'>\n<section class=\"av_textblock_section\"  itemscope=\"itemscope\" itemtype=\"https:\/\/schema.org\/CreativeWork\" ><div class='avia_textblock  av_inherit_color'  style='font-size:17px; color:#17b5e9; '  itemprop=\"text\" ><h1 style=\"text-align: center;\">Volunteership<\/h1>\n<p style=\"text-align: center;\">Our purpose is ensuring the possibility to everyone who would like to help as a volunteer accepting our organization. Every interested volunteer is welcomed to call clicking the above button with the filling of this form.<\/p>\n<\/div><\/section>\n\n<\/div><\/div><\/div><!-- close content main div --><\/div><\/div><div id='elso' class='avia-section main_color avia-section-default avia-no-border-styling av-section-color-overlay-active avia-bg-style-scroll   container_wrap fullsize' style = 'background-repeat: no-repeat; background-image: url(https:\/\/cedek.hu\/wp-content\/uploads\/2015\/10\/onkent.jpg); background-attachment: scroll; background-position: top left; ' data-section-bg-repeat='no-repeat' ><div class='av-section-color-overlay-wrap'><div class='av-section-color-overlay' style='opacity: 0.4; background-color: #4f4f4f; background-image: url(https:\/\/cedek.hu\/wp-content\/themes\/enfold\/images\/background-images\/diagonal-thin-light.png); background-repeat: repeat;'><\/div><div class='container' ><div class='template-page content  av-content-full alpha units'><div class='post-entry post-entry-type-page post-entry-1895'><div class='entry-content-wrapper clearfix'>\n<div class='flex_column_table av-equal-height-column-flextable' ><div class=\"flex_column av_one_third  av-animated-generic av-rotateIn  flex_column_table_cell av-equal-height-column av-align-middle first  helpcim \" style='padding:60px 0px 0px 0px ; border-radius:0px; '><p><span class=\"av_font_icon avia_animate_when_visible av-icon-style-  avia-icon-pos-center \" style=\"color:#17b5e9; border-color:#17b5e9;\"><span class='av-icon-char' style='font-size:420px;line-height:420px;' aria-hidden='true' data-av_icon='\ue85c' data-av_iconfont='fontello' ><\/span><\/span><br \/>\n<div class='avia-button-wrap avia-button-center  jelentkezes'><a href='https:\/\/cedek.hu\/en\/cedek-onkentes-jelentkezesi-lap\/' class='avia-button  avia-icon_select-no avia-color-custom avia-size-x-large avia-position-center '  style='background-color:#b02b2c; border-color:#b02b2c; color:#ffffff; ' ><span class='avia_iconbox_title' >I sign up to be a volunteer <\/span><\/a><\/div><\/p><\/div><\/div><!--close column table wrapper. Autoclose: 1 --><div class='flex_column_table av-equal-height-column-flextable' ><div class='av-flex-placeholder'><\/div><div class=\"flex_column av_two_third  av-animated-generic top-to-bottom  flex_column_table_cell av-equal-height-column av-align-middle   hatter \" style='background-image:url(https:\/\/cedek.hu\/wp-content\/uploads\/2015\/10\/cadik.png); background-position:center right; background-repeat:no-repeat; padding:5px 30px 5px 30px ; border-radius:0px; '><section class=\"av_textblock_section\"  itemscope=\"itemscope\" itemtype=\"https:\/\/schema.org\/CreativeWork\" ><div class='avia_textblock  av_inherit_color'  style='font-size:22px; color:#ffffff; '  itemprop=\"text\" ><p>Many people are holding from the volunteership from some reason although we are stood by these situations to various tasks by which we can learn a lot of about both our environment and ourselves.<\/p>\n<p>The active solidarity in the way of out needycompany of humans can free energies not experienced that time in both part which we can make the decrease of poverty and falling out and helps the procedure of accepted by the society. The experiencable results of helping are sure to everybody to give enjoyment to everybody.<\/p>\n<\/div><\/section><\/div><\/div><!--close column table wrapper. Autoclose: 1 --><div style='height:50px' class='hr hr-invisible  '><span class='hr-inner ' ><span class='hr-inner-style'><\/span><\/span><\/div>\n\n","protected":false},"excerpt":{"rendered":"","protected":false},"author":2,"featured_media":0,"parent":0,"menu_order":0,"comment_status":"closed","ping_status":"closed","template":"","meta":[],"yoast_head":"<!-- This site is optimized with the Yoast SEO plugin v21.8.1 - https:\/\/yoast.com\/wordpress\/plugins\/seo\/ -->\n<title>\u00d6nk\u00e9ntess\u00e9g - CEDEK EMIH Izraelita szeretetszolg\u00e1lat<\/title>\n<meta name=\"description\" content=\"A CEDEK EMIH Izraelita Szolg\u00e1lat v\u00e1rja \u00f6nk\u00e9ntesek jelentkez\u00e9s\u00e9t. Seg\u00edtse munk\u00e1nkat, seg\u00edts\u00fcnk egy\u00fctt a r\u00e1szorul\u00f3knak. K\u00fcldj\u00f6n e-mailt az onkentes@cedek.hu mailc\u00edmre \u00e9s mi felvessz\u00fck \u00d6nnel a kapcsolatot.\" \/>\n<meta name=\"robots\" content=\"index, follow, max-snippet:-1, max-image-preview:large, max-video-preview:-1\" \/>\n<link rel=\"canonical\" href=\"https:\/\/cedek.hu\/en\/onkentesseg\/\" \/>\n<meta property=\"og:locale\" content=\"en_US\" \/>\n<meta property=\"og:type\" content=\"article\" \/>\n<meta property=\"og:title\" content=\"\u00d6nk\u00e9ntess\u00e9g - CEDEK EMIH Izraelita szeretetszolg\u00e1lat\" \/>\n<meta property=\"og:description\" content=\"A CEDEK EMIH Izraelita Szolg\u00e1lat v\u00e1rja \u00f6nk\u00e9ntesek jelentkez\u00e9s\u00e9t. Seg\u00edtse munk\u00e1nkat, seg\u00edts\u00fcnk egy\u00fctt a r\u00e1szorul\u00f3knak. K\u00fcldj\u00f6n e-mailt az onkentes@cedek.hu mailc\u00edmre \u00e9s mi felvessz\u00fck \u00d6nnel a kapcsolatot.\" \/>\n<meta property=\"og:url\" content=\"https:\/\/cedek.hu\/en\/onkentesseg\/\" \/>\n<meta property=\"og:site_name\" content=\"CEDEK Izraelita szeretetszolg\u00e1lat\" \/>\n<meta property=\"article:modified_time\" content=\"2016-05-25T16:37:14+00:00\" \/>\n<meta name=\"twitter:card\" content=\"summary_large_image\" \/>\n<meta name=\"twitter:label1\" content=\"Est. reading time\" \/>\n\t<meta name=\"twitter:data1\" content=\"3 minutes\" \/>\n<script type=\"application\/ld+json\" class=\"yoast-schema-graph\">{\"@context\":\"https:\/\/schema.org\",\"@graph\":[{\"@type\":\"WebPage\",\"@id\":\"https:\/\/cedek.hu\/en\/onkentesseg\/\",\"url\":\"https:\/\/cedek.hu\/en\/onkentesseg\/\",\"name\":\"\u00d6nk\u00e9ntess\u00e9g - CEDEK EMIH Izraelita szeretetszolg\u00e1lat\",\"isPartOf\":{\"@id\":\"https:\/\/cedek.hu\/#website\"},\"datePublished\":\"2015-10-27T17:58:32+00:00\",\"dateModified\":\"2016-05-25T16:37:14+00:00\",\"description\":\"A CEDEK EMIH Izraelita Szolg\u00e1lat v\u00e1rja \u00f6nk\u00e9ntesek jelentkez\u00e9s\u00e9t. Seg\u00edtse munk\u00e1nkat, seg\u00edts\u00fcnk egy\u00fctt a r\u00e1szorul\u00f3knak. K\u00fcldj\u00f6n e-mailt az onkentes@cedek.hu mailc\u00edmre \u00e9s mi felvessz\u00fck \u00d6nnel a kapcsolatot.\",\"breadcrumb\":{\"@id\":\"https:\/\/cedek.hu\/en\/onkentesseg\/#breadcrumb\"},\"inLanguage\":\"en-US\",\"potentialAction\":[{\"@type\":\"ReadAction\",\"target\":[\"https:\/\/cedek.hu\/en\/onkentesseg\/\"]}]},{\"@type\":\"BreadcrumbList\",\"@id\":\"https:\/\/cedek.hu\/en\/onkentesseg\/#breadcrumb\",\"itemListElement\":[{\"@type\":\"ListItem\",\"position\":1,\"name\":\"Kezd\u0151lap\",\"item\":\"https:\/\/cedek.hu\/en\/kezdolap\/\"},{\"@type\":\"ListItem\",\"position\":2,\"name\":\"Volunteership\"}]},{\"@type\":\"WebSite\",\"@id\":\"https:\/\/cedek.hu\/#website\",\"url\":\"https:\/\/cedek.hu\/\",\"name\":\"CEDEK Izraelita szeretetszolg\u00e1lat\",\"description\":\"Izraelita szeretetszolg\u00e1lat\",\"potentialAction\":[{\"@type\":\"SearchAction\",\"target\":{\"@type\":\"EntryPoint\",\"urlTemplate\":\"https:\/\/cedek.hu\/?s={search_term_string}\"},\"query-input\":\"required name=search_term_string\"}],\"inLanguage\":\"en-US\"}]}<\/script>\n<!-- \/ Yoast SEO plugin. -->","yoast_head_json":{"title":"\u00d6nk\u00e9ntess\u00e9g - CEDEK EMIH Izraelita szeretetszolg\u00e1lat","description":"A CEDEK EMIH Izraelita Szolg\u00e1lat v\u00e1rja \u00f6nk\u00e9ntesek jelentkez\u00e9s\u00e9t. Seg\u00edtse munk\u00e1nkat, seg\u00edts\u00fcnk egy\u00fctt a r\u00e1szorul\u00f3knak. K\u00fcldj\u00f6n e-mailt az onkentes@cedek.hu mailc\u00edmre \u00e9s mi felvessz\u00fck \u00d6nnel a kapcsolatot.","robots":{"index":"index","follow":"follow","max-snippet":"max-snippet:-1","max-image-preview":"max-image-preview:large","max-video-preview":"max-video-preview:-1"},"canonical":"https:\/\/cedek.hu\/en\/onkentesseg\/","og_locale":"en_US","og_type":"article","og_title":"\u00d6nk\u00e9ntess\u00e9g - CEDEK EMIH Izraelita szeretetszolg\u00e1lat","og_description":"A CEDEK EMIH Izraelita Szolg\u00e1lat v\u00e1rja \u00f6nk\u00e9ntesek jelentkez\u00e9s\u00e9t. Seg\u00edtse munk\u00e1nkat, seg\u00edts\u00fcnk egy\u00fctt a r\u00e1szorul\u00f3knak. K\u00fcldj\u00f6n e-mailt az onkentes@cedek.hu mailc\u00edmre \u00e9s mi felvessz\u00fck \u00d6nnel a kapcsolatot.","og_url":"https:\/\/cedek.hu\/en\/onkentesseg\/","og_site_name":"CEDEK Izraelita szeretetszolg\u00e1lat","article_modified_time":"2016-05-25T16:37:14+00:00","twitter_card":"summary_large_image","twitter_misc":{"Est. reading time":"3 minutes"},"schema":{"@context":"https:\/\/schema.org","@graph":[{"@type":"WebPage","@id":"https:\/\/cedek.hu\/en\/onkentesseg\/","url":"https:\/\/cedek.hu\/en\/onkentesseg\/","name":"\u00d6nk\u00e9ntess\u00e9g - CEDEK EMIH Izraelita szeretetszolg\u00e1lat","isPartOf":{"@id":"https:\/\/cedek.hu\/#website"},"datePublished":"2015-10-27T17:58:32+00:00","dateModified":"2016-05-25T16:37:14+00:00","description":"A CEDEK EMIH Izraelita Szolg\u00e1lat v\u00e1rja \u00f6nk\u00e9ntesek jelentkez\u00e9s\u00e9t. Seg\u00edtse munk\u00e1nkat, seg\u00edts\u00fcnk egy\u00fctt a r\u00e1szorul\u00f3knak. K\u00fcldj\u00f6n e-mailt az onkentes@cedek.hu mailc\u00edmre \u00e9s mi felvessz\u00fck \u00d6nnel a kapcsolatot.","breadcrumb":{"@id":"https:\/\/cedek.hu\/en\/onkentesseg\/#breadcrumb"},"inLanguage":"en-US","potentialAction":[{"@type":"ReadAction","target":["https:\/\/cedek.hu\/en\/onkentesseg\/"]}]},{"@type":"BreadcrumbList","@id":"https:\/\/cedek.hu\/en\/onkentesseg\/#breadcrumb","itemListElement":[{"@type":"ListItem","position":1,"name":"Kezd\u0151lap","item":"https:\/\/cedek.hu\/en\/kezdolap\/"},{"@type":"ListItem","position":2,"name":"Volunteership"}]},{"@type":"WebSite","@id":"https:\/\/cedek.hu\/#website","url":"https:\/\/cedek.hu\/","name":"CEDEK Izraelita szeretetszolg\u00e1lat","description":"Izraelita szeretetszolg\u00e1lat","potentialAction":[{"@type":"SearchAction","target":{"@type":"EntryPoint","urlTemplate":"https:\/\/cedek.hu\/?s={search_term_string}"},"query-input":"required name=search_term_string"}],"inLanguage":"en-US"}]}},"_links":{"self":[{"href":"https:\/\/cedek.hu\/en\/wp-json\/wp\/v2\/pages\/1895"}],"collection":[{"href":"https:\/\/cedek.hu\/en\/wp-json\/wp\/v2\/pages"}],"about":[{"href":"https:\/\/cedek.hu\/en\/wp-json\/wp\/v2\/types\/page"}],"author":[{"embeddable":true,"href":"https:\/\/cedek.hu\/en\/wp-json\/wp\/v2\/users\/2"}],"replies":[{"embeddable":true,"href":"https:\/\/cedek.hu\/en\/wp-json\/wp\/v2\/comments?post=1895"}],"version-history":[{"count":4,"href":"https:\/\/cedek.hu\/en\/wp-json\/wp\/v2\/pages\/1895\/revisions"}],"predecessor-version":[{"id":1951,"href":"https:\/\/cedek.hu\/en\/wp-json\/wp\/v2\/pages\/1895\/revisions\/1951"}],"wp:attachment":[{"href":"https:\/\/cedek.hu\/en\/wp-json\/wp\/v2\/media?parent=1895"}],"curies":[{"name":"wp","href":"https:\/\/api.w.org\/{rel}","templated":true}]}}