{"id":1883,"date":"2015-10-30T13:35:58","date_gmt":"2015-10-30T11:35:58","guid":{"rendered":"http:\/\/cedek.hu\/ruhak-es-jatekok-gyujtese\/?lang=en"},"modified":"2016-05-25T17:03:07","modified_gmt":"2016-05-25T15:03:07","slug":"ruhak-es-jatekok-gyujtese","status":"publish","type":"page","link":"https:\/\/cedek.hu\/en\/ruhak-es-jatekok-gyujtese\/","title":{"rendered":"Collection of clothes and toys"},"content":{"rendered":"<div class=\"flex_column av_one_full  no_margin flex_column_div av-zero-column-padding first  \" style='background-color:#f9f9f9; border-radius:0px; '><div class='avia-image-container  av-styling-no-styling    avia-align-center '  itemscope=\"itemscope\" itemtype=\"https:\/\/schema.org\/ImageObject\"  ><div class='avia-image-container-inner'><img class='avia_image ' src='https:\/\/cedek.hu\/wp-content\/uploads\/2015\/10\/newborn-baby-toys-wallpaper.jpg' alt='' title='newborn-baby-toys-wallpaper'   itemprop=\"thumbnailUrl\"  \/><\/div><\/div><\/div>\n<div class='flex_column_table av-equal-height-column-flextable' ><div class=\"flex_column av_one_full  no_margin flex_column_table_cell av-equal-height-column av-align-top first  \" style='padding:10px; background-color:#f9f9f9; border-radius:0px; '><p><div style='height:10px' class='hr hr-invisible '><span class='hr-inner ' ><span class='hr-inner-style'><\/span><\/span><\/div><br \/>\n<section class=\"av_textblock_section\"  itemscope=\"itemscope\" itemtype=\"https:\/\/schema.org\/CreativeWork\" ><div class='avia_textblock '  style='font-size:15px; '  itemprop=\"text\" ><h2><strong>Collection of clothes and toys<\/strong><\/h2>\n<p>It is important to wear the right dress in every season. A lot of people cannot to do anything with their bored but good condition dresses. We are waiting all kind of good quality, pretty\u00a0clothes, shoes, coats or\u00a0blankets, quilt\u00a0to be taken to the needy families and elderly people whose life will be made easier by this.<\/p>\n<p>We are collecting and taking to the\u00a0most needed place:\u00a0it can be a large\u00a0suitcase of clothes for\u00a0premature babies,\u00a0pair of shoes and coat\u00a0to the homeless. We always find a place\u00a0where there is a need.<\/p>\n<p>Sign your donation on our addresses<\/p>\n<p>E-mail: <a href=\"mailto:adomany@cedek.hu\"><strong>adomany@cedek.hu<\/strong><\/a> or phone: +36 30\u00a0725 0364,<\/p>\n<p>Every donation counts!<\/p>\n<\/div><\/section><\/p><\/div><\/div><!--close column table wrapper. Autoclose: 1 -->\n","protected":false},"excerpt":{"rendered":"","protected":false},"author":2,"featured_media":0,"parent":0,"menu_order":0,"comment_status":"closed","ping_status":"closed","template":"","meta":[],"yoast_head":"<!-- This site is optimized with the Yoast SEO plugin v21.8.1 - https:\/\/yoast.com\/wordpress\/plugins\/seo\/ -->\n<title>Ruha \u00e9s j\u00e1t\u00e9k gy\u0171jt\u00e9se - CEDEK EMIH Izraelita Szeretetszolg\u00e1lat<\/title>\n<meta name=\"description\" content=\"Ismerje meg a CEDEKet, seg\u00edtse munk\u00e1nkat. Ruh\u00e1k gy\u0171jt\u00e9s\u00e9n\u00e9l szort\u00edroz\u00e1s, eljuttat\u00e1s, \u00e9lelmiszergy\u0171jt\u00e9sn\u00e9l csomagol\u00e1sban v\u00e1rjuk az \u00f6nk\u00e9ntesek jelentkez\u00e9s\u00e9t.\" \/>\n<meta name=\"robots\" content=\"index, follow, max-snippet:-1, max-image-preview:large, max-video-preview:-1\" \/>\n<link rel=\"canonical\" href=\"https:\/\/cedek.hu\/en\/ruhak-es-jatekok-gyujtese\/\" \/>\n<meta property=\"og:locale\" content=\"en_US\" \/>\n<meta property=\"og:type\" content=\"article\" \/>\n<meta property=\"og:title\" content=\"Ruha \u00e9s j\u00e1t\u00e9k gy\u0171jt\u00e9se - CEDEK EMIH Izraelita Szeretetszolg\u00e1lat\" \/>\n<meta property=\"og:description\" content=\"Ismerje meg a CEDEKet, seg\u00edtse munk\u00e1nkat. Ruh\u00e1k gy\u0171jt\u00e9s\u00e9n\u00e9l szort\u00edroz\u00e1s, eljuttat\u00e1s, \u00e9lelmiszergy\u0171jt\u00e9sn\u00e9l csomagol\u00e1sban v\u00e1rjuk az \u00f6nk\u00e9ntesek jelentkez\u00e9s\u00e9t.\" \/>\n<meta property=\"og:url\" content=\"https:\/\/cedek.hu\/en\/ruhak-es-jatekok-gyujtese\/\" \/>\n<meta property=\"og:site_name\" content=\"CEDEK Izraelita szeretetszolg\u00e1lat\" \/>\n<meta property=\"article:modified_time\" content=\"2016-05-25T15:03:07+00:00\" \/>\n<meta name=\"twitter:card\" content=\"summary_large_image\" \/>\n<meta name=\"twitter:label1\" content=\"Est. reading time\" \/>\n\t<meta name=\"twitter:data1\" content=\"2 minutes\" \/>\n<script type=\"application\/ld+json\" class=\"yoast-schema-graph\">{\"@context\":\"https:\/\/schema.org\",\"@graph\":[{\"@type\":\"WebPage\",\"@id\":\"https:\/\/cedek.hu\/en\/ruhak-es-jatekok-gyujtese\/\",\"url\":\"https:\/\/cedek.hu\/en\/ruhak-es-jatekok-gyujtese\/\",\"name\":\"Ruha \u00e9s j\u00e1t\u00e9k gy\u0171jt\u00e9se - CEDEK EMIH Izraelita Szeretetszolg\u00e1lat\",\"isPartOf\":{\"@id\":\"https:\/\/cedek.hu\/#website\"},\"datePublished\":\"2015-10-30T11:35:58+00:00\",\"dateModified\":\"2016-05-25T15:03:07+00:00\",\"description\":\"Ismerje meg a CEDEKet, seg\u00edtse munk\u00e1nkat. Ruh\u00e1k gy\u0171jt\u00e9s\u00e9n\u00e9l szort\u00edroz\u00e1s, eljuttat\u00e1s, \u00e9lelmiszergy\u0171jt\u00e9sn\u00e9l csomagol\u00e1sban v\u00e1rjuk az \u00f6nk\u00e9ntesek jelentkez\u00e9s\u00e9t.\",\"breadcrumb\":{\"@id\":\"https:\/\/cedek.hu\/en\/ruhak-es-jatekok-gyujtese\/#breadcrumb\"},\"inLanguage\":\"en-US\",\"potentialAction\":[{\"@type\":\"ReadAction\",\"target\":[\"https:\/\/cedek.hu\/en\/ruhak-es-jatekok-gyujtese\/\"]}]},{\"@type\":\"BreadcrumbList\",\"@id\":\"https:\/\/cedek.hu\/en\/ruhak-es-jatekok-gyujtese\/#breadcrumb\",\"itemListElement\":[{\"@type\":\"ListItem\",\"position\":1,\"name\":\"Kezd\u0151lap\",\"item\":\"https:\/\/cedek.hu\/en\/kezdolap\/\"},{\"@type\":\"ListItem\",\"position\":2,\"name\":\"Collection of clothes and toys\"}]},{\"@type\":\"WebSite\",\"@id\":\"https:\/\/cedek.hu\/#website\",\"url\":\"https:\/\/cedek.hu\/\",\"name\":\"CEDEK Izraelita szeretetszolg\u00e1lat\",\"description\":\"Izraelita szeretetszolg\u00e1lat\",\"potentialAction\":[{\"@type\":\"SearchAction\",\"target\":{\"@type\":\"EntryPoint\",\"urlTemplate\":\"https:\/\/cedek.hu\/?s={search_term_string}\"},\"query-input\":\"required name=search_term_string\"}],\"inLanguage\":\"en-US\"}]}<\/script>\n<!-- \/ Yoast SEO plugin. -->","yoast_head_json":{"title":"Ruha \u00e9s j\u00e1t\u00e9k gy\u0171jt\u00e9se - CEDEK EMIH Izraelita Szeretetszolg\u00e1lat","description":"Ismerje meg a CEDEKet, seg\u00edtse munk\u00e1nkat. Ruh\u00e1k gy\u0171jt\u00e9s\u00e9n\u00e9l szort\u00edroz\u00e1s, eljuttat\u00e1s, \u00e9lelmiszergy\u0171jt\u00e9sn\u00e9l csomagol\u00e1sban v\u00e1rjuk az \u00f6nk\u00e9ntesek jelentkez\u00e9s\u00e9t.","robots":{"index":"index","follow":"follow","max-snippet":"max-snippet:-1","max-image-preview":"max-image-preview:large","max-video-preview":"max-video-preview:-1"},"canonical":"https:\/\/cedek.hu\/en\/ruhak-es-jatekok-gyujtese\/","og_locale":"en_US","og_type":"article","og_title":"Ruha \u00e9s j\u00e1t\u00e9k gy\u0171jt\u00e9se - CEDEK EMIH Izraelita Szeretetszolg\u00e1lat","og_description":"Ismerje meg a CEDEKet, seg\u00edtse munk\u00e1nkat. Ruh\u00e1k gy\u0171jt\u00e9s\u00e9n\u00e9l szort\u00edroz\u00e1s, eljuttat\u00e1s, \u00e9lelmiszergy\u0171jt\u00e9sn\u00e9l csomagol\u00e1sban v\u00e1rjuk az \u00f6nk\u00e9ntesek jelentkez\u00e9s\u00e9t.","og_url":"https:\/\/cedek.hu\/en\/ruhak-es-jatekok-gyujtese\/","og_site_name":"CEDEK Izraelita szeretetszolg\u00e1lat","article_modified_time":"2016-05-25T15:03:07+00:00","twitter_card":"summary_large_image","twitter_misc":{"Est. reading time":"2 minutes"},"schema":{"@context":"https:\/\/schema.org","@graph":[{"@type":"WebPage","@id":"https:\/\/cedek.hu\/en\/ruhak-es-jatekok-gyujtese\/","url":"https:\/\/cedek.hu\/en\/ruhak-es-jatekok-gyujtese\/","name":"Ruha \u00e9s j\u00e1t\u00e9k gy\u0171jt\u00e9se - CEDEK EMIH Izraelita Szeretetszolg\u00e1lat","isPartOf":{"@id":"https:\/\/cedek.hu\/#website"},"datePublished":"2015-10-30T11:35:58+00:00","dateModified":"2016-05-25T15:03:07+00:00","description":"Ismerje meg a CEDEKet, seg\u00edtse munk\u00e1nkat. Ruh\u00e1k gy\u0171jt\u00e9s\u00e9n\u00e9l szort\u00edroz\u00e1s, eljuttat\u00e1s, \u00e9lelmiszergy\u0171jt\u00e9sn\u00e9l csomagol\u00e1sban v\u00e1rjuk az \u00f6nk\u00e9ntesek jelentkez\u00e9s\u00e9t.","breadcrumb":{"@id":"https:\/\/cedek.hu\/en\/ruhak-es-jatekok-gyujtese\/#breadcrumb"},"inLanguage":"en-US","potentialAction":[{"@type":"ReadAction","target":["https:\/\/cedek.hu\/en\/ruhak-es-jatekok-gyujtese\/"]}]},{"@type":"BreadcrumbList","@id":"https:\/\/cedek.hu\/en\/ruhak-es-jatekok-gyujtese\/#breadcrumb","itemListElement":[{"@type":"ListItem","position":1,"name":"Kezd\u0151lap","item":"https:\/\/cedek.hu\/en\/kezdolap\/"},{"@type":"ListItem","position":2,"name":"Collection of clothes and toys"}]},{"@type":"WebSite","@id":"https:\/\/cedek.hu\/#website","url":"https:\/\/cedek.hu\/","name":"CEDEK Izraelita szeretetszolg\u00e1lat","description":"Izraelita szeretetszolg\u00e1lat","potentialAction":[{"@type":"SearchAction","target":{"@type":"EntryPoint","urlTemplate":"https:\/\/cedek.hu\/?s={search_term_string}"},"query-input":"required name=search_term_string"}],"inLanguage":"en-US"}]}},"_links":{"self":[{"href":"https:\/\/cedek.hu\/en\/wp-json\/wp\/v2\/pages\/1883"}],"collection":[{"href":"https:\/\/cedek.hu\/en\/wp-json\/wp\/v2\/pages"}],"about":[{"href":"https:\/\/cedek.hu\/en\/wp-json\/wp\/v2\/types\/page"}],"author":[{"embeddable":true,"href":"https:\/\/cedek.hu\/en\/wp-json\/wp\/v2\/users\/2"}],"replies":[{"embeddable":true,"href":"https:\/\/cedek.hu\/en\/wp-json\/wp\/v2\/comments?post=1883"}],"version-history":[{"count":1,"href":"https:\/\/cedek.hu\/en\/wp-json\/wp\/v2\/pages\/1883\/revisions"}],"predecessor-version":[{"id":1884,"href":"https:\/\/cedek.hu\/en\/wp-json\/wp\/v2\/pages\/1883\/revisions\/1884"}],"wp:attachment":[{"href":"https:\/\/cedek.hu\/en\/wp-json\/wp\/v2\/media?parent=1883"}],"curies":[{"name":"wp","href":"https:\/\/api.w.org\/{rel}","templated":true}]}}