{"id":1879,"date":"2015-10-30T13:25:38","date_gmt":"2015-10-30T11:25:38","guid":{"rendered":"http:\/\/cedek.hu\/elelmiszer-gyujtes-etel-osztas\/?lang=en"},"modified":"2016-05-30T09:41:35","modified_gmt":"2016-05-30T07:41:35","slug":"elelmiszer-gyujtes-etel-osztas","status":"publish","type":"page","link":"https:\/\/cedek.hu\/en\/elelmiszer-gyujtes-etel-osztas\/","title":{"rendered":"Collection and distribution of food"},"content":{"rendered":"<div class=\"flex_column av_one_full  no_margin flex_column_div av-zero-column-padding first  \" style='background-color:#f9f9f9; border-radius:0px; '><div class='avia-image-container  av-styling-no-styling   avia-align-center '  itemscope=\"itemscope\" itemtype=\"https:\/\/schema.org\/ImageObject\"  ><div class='avia-image-container-inner'><img class='avia_image ' src='https:\/\/cedek.hu\/wp-content\/uploads\/2015\/10\/cscs9.png' alt='' title='cscs9'   itemprop=\"thumbnailUrl\"  \/><\/div><\/div><\/div>\n<div class='flex_column_table av-equal-height-column-flextable' ><div class=\"flex_column av_one_full  no_margin flex_column_table_cell av-equal-height-column av-align-top first  \" style='padding:10px; background-color:#f9f9f9; border-radius:0px; '><p><div style='height:10px' class='hr hr-invisible '><span class='hr-inner ' ><span class='hr-inner-style'><\/span><\/span><\/div><br \/>\n<section class=\"av_textblock_section\"  itemscope=\"itemscope\" itemtype=\"https:\/\/schema.org\/CreativeWork\" ><div class='avia_textblock '  style='font-size:17px; '  itemprop=\"text\" ><h2><\/h2>\n<h2><strong>Collection and distribution of food<\/strong><\/h2>\n<p>The number of hungry children living in extreme poverty is increasing the fastest way in our country among European Union members. Not only children cannot get normal food but homeless people as well. We help starving people by collecting food, and distributing hot food.<\/p>\n<p>We collect and transport it where it is the most needed. We are looking forward to get more basic foodstuff offered: flour, sugar, oil, cocoa, milk preserved, etc., or\u00a0any food which can be eaten, on the above\u00a0address of us:<\/p>\n<p>E-mail: <a href=\"mailto:adomany@cedek.hu\"><strong>adomany@cedek.hu<\/strong><\/a> or phone: +36 30\u00a0725 0364,<\/p>\n<p><strong>All types of donation counts!<\/strong><\/p>\n<div  class='hr hr-default  '><span class='hr-inner ' ><span class='hr-inner-style'><\/span><\/span><\/div>\n<h1><span style=\"color: #800000;\">Collecting activity of sustainable foodstuff<\/span><\/h1>\n<p>The CEDEK EMIH Israelite Charity Service\u00a0is\u00a0organizing\u00a0collecting donations for people in need. A lot of people are\u00a0calling us for whom\u00a0it is a large challenge what to eat. So we are calling for collecting sustainable, basic foodstuff.<\/p>\n<p>We need: flour, sugar, oil, pasta, cocoa, coffee, canned food, jam, biscuits, sweets,\u00a0food which do not need freezing. We are also waiting for families with little children baby napkin,\u00a0wet wipes and sanitary protection products.<\/p>\n<p>It is important that donations must\u00a0be unopened!<\/p>\n<p>Besides the collecting of food\u00a0we are organizing\u00a0clothes and toys collection of which you can read <u>here<\/u><\/p>\n<p>You can take your donations at the following address:<\/p>\n<p>1084 Budapest, M\u00e1ty\u00e1s t\u00e9r 6., (Olaj\u00e1g Id\u0151sotthon)<\/p>\n<p>Every\u00a0help\u00a0counts!<\/p>\n<\/div><\/section><\/p><\/div><\/div><!--close column table wrapper. Autoclose: 1 -->\n","protected":false},"excerpt":{"rendered":"","protected":false},"author":2,"featured_media":0,"parent":0,"menu_order":0,"comment_status":"closed","ping_status":"closed","template":"","meta":[],"yoast_head":"<!-- This site is optimized with the Yoast SEO plugin v21.8.1 - https:\/\/yoast.com\/wordpress\/plugins\/seo\/ -->\n<title>\u00c9lelmiszergy\u0171jt\u00e9s, meleg\u00e9tel oszt\u00e1s - CEDEK EMIH Izraelita Szeretetszolg\u00e1lat<\/title>\n<meta name=\"description\" content=\"CEDEK EMIH Izraelita Szeretetszolg\u00e1lat - \u00e9lelmiszergy\u0171jt\u00e9se \u00e9s meleg\u00e9tel oszt\u00e1s. Csatlakozzon \u00d6n is hozz\u00e1nk, seg\u00edts\u00fcnk egy\u00fctt. V\u00e1rjuk adom\u00e1nyaikat: tart\u00f3s \u00e9lelmiszer, ruha, p\u00e9nzbeli adom\u00e1nyok.\" \/>\n<meta name=\"robots\" content=\"index, follow, max-snippet:-1, max-image-preview:large, max-video-preview:-1\" \/>\n<link rel=\"canonical\" href=\"https:\/\/cedek.hu\/en\/elelmiszer-gyujtes-etel-osztas\/\" \/>\n<meta property=\"og:locale\" content=\"en_US\" \/>\n<meta property=\"og:type\" content=\"article\" \/>\n<meta property=\"og:title\" content=\"\u00c9lelmiszergy\u0171jt\u00e9s, meleg\u00e9tel oszt\u00e1s - CEDEK EMIH Izraelita Szeretetszolg\u00e1lat\" \/>\n<meta property=\"og:description\" content=\"CEDEK EMIH Izraelita Szeretetszolg\u00e1lat - \u00e9lelmiszergy\u0171jt\u00e9se \u00e9s meleg\u00e9tel oszt\u00e1s. Csatlakozzon \u00d6n is hozz\u00e1nk, seg\u00edts\u00fcnk egy\u00fctt. V\u00e1rjuk adom\u00e1nyaikat: tart\u00f3s \u00e9lelmiszer, ruha, p\u00e9nzbeli adom\u00e1nyok.\" \/>\n<meta property=\"og:url\" content=\"https:\/\/cedek.hu\/en\/elelmiszer-gyujtes-etel-osztas\/\" \/>\n<meta property=\"og:site_name\" content=\"CEDEK Izraelita szeretetszolg\u00e1lat\" \/>\n<meta property=\"article:modified_time\" content=\"2016-05-30T07:41:35+00:00\" \/>\n<meta name=\"twitter:card\" content=\"summary_large_image\" \/>\n<meta name=\"twitter:label1\" content=\"Est. reading time\" \/>\n\t<meta name=\"twitter:data1\" content=\"3 minutes\" \/>\n<script type=\"application\/ld+json\" class=\"yoast-schema-graph\">{\"@context\":\"https:\/\/schema.org\",\"@graph\":[{\"@type\":\"WebPage\",\"@id\":\"https:\/\/cedek.hu\/en\/elelmiszer-gyujtes-etel-osztas\/\",\"url\":\"https:\/\/cedek.hu\/en\/elelmiszer-gyujtes-etel-osztas\/\",\"name\":\"\u00c9lelmiszergy\u0171jt\u00e9s, meleg\u00e9tel oszt\u00e1s - CEDEK EMIH Izraelita Szeretetszolg\u00e1lat\",\"isPartOf\":{\"@id\":\"https:\/\/cedek.hu\/#website\"},\"datePublished\":\"2015-10-30T11:25:38+00:00\",\"dateModified\":\"2016-05-30T07:41:35+00:00\",\"description\":\"CEDEK EMIH Izraelita Szeretetszolg\u00e1lat - \u00e9lelmiszergy\u0171jt\u00e9se \u00e9s meleg\u00e9tel oszt\u00e1s. Csatlakozzon \u00d6n is hozz\u00e1nk, seg\u00edts\u00fcnk egy\u00fctt. V\u00e1rjuk adom\u00e1nyaikat: tart\u00f3s \u00e9lelmiszer, ruha, p\u00e9nzbeli adom\u00e1nyok.\",\"breadcrumb\":{\"@id\":\"https:\/\/cedek.hu\/en\/elelmiszer-gyujtes-etel-osztas\/#breadcrumb\"},\"inLanguage\":\"en-US\",\"potentialAction\":[{\"@type\":\"ReadAction\",\"target\":[\"https:\/\/cedek.hu\/en\/elelmiszer-gyujtes-etel-osztas\/\"]}]},{\"@type\":\"BreadcrumbList\",\"@id\":\"https:\/\/cedek.hu\/en\/elelmiszer-gyujtes-etel-osztas\/#breadcrumb\",\"itemListElement\":[{\"@type\":\"ListItem\",\"position\":1,\"name\":\"Kezd\u0151lap\",\"item\":\"https:\/\/cedek.hu\/en\/kezdolap\/\"},{\"@type\":\"ListItem\",\"position\":2,\"name\":\"Collection and distribution of food\"}]},{\"@type\":\"WebSite\",\"@id\":\"https:\/\/cedek.hu\/#website\",\"url\":\"https:\/\/cedek.hu\/\",\"name\":\"CEDEK Izraelita szeretetszolg\u00e1lat\",\"description\":\"Izraelita szeretetszolg\u00e1lat\",\"potentialAction\":[{\"@type\":\"SearchAction\",\"target\":{\"@type\":\"EntryPoint\",\"urlTemplate\":\"https:\/\/cedek.hu\/?s={search_term_string}\"},\"query-input\":\"required name=search_term_string\"}],\"inLanguage\":\"en-US\"}]}<\/script>\n<!-- \/ Yoast SEO plugin. -->","yoast_head_json":{"title":"\u00c9lelmiszergy\u0171jt\u00e9s, meleg\u00e9tel oszt\u00e1s - CEDEK EMIH Izraelita Szeretetszolg\u00e1lat","description":"CEDEK EMIH Izraelita Szeretetszolg\u00e1lat - \u00e9lelmiszergy\u0171jt\u00e9se \u00e9s meleg\u00e9tel oszt\u00e1s. Csatlakozzon \u00d6n is hozz\u00e1nk, seg\u00edts\u00fcnk egy\u00fctt. V\u00e1rjuk adom\u00e1nyaikat: tart\u00f3s \u00e9lelmiszer, ruha, p\u00e9nzbeli adom\u00e1nyok.","robots":{"index":"index","follow":"follow","max-snippet":"max-snippet:-1","max-image-preview":"max-image-preview:large","max-video-preview":"max-video-preview:-1"},"canonical":"https:\/\/cedek.hu\/en\/elelmiszer-gyujtes-etel-osztas\/","og_locale":"en_US","og_type":"article","og_title":"\u00c9lelmiszergy\u0171jt\u00e9s, meleg\u00e9tel oszt\u00e1s - CEDEK EMIH Izraelita Szeretetszolg\u00e1lat","og_description":"CEDEK EMIH Izraelita Szeretetszolg\u00e1lat - \u00e9lelmiszergy\u0171jt\u00e9se \u00e9s meleg\u00e9tel oszt\u00e1s. Csatlakozzon \u00d6n is hozz\u00e1nk, seg\u00edts\u00fcnk egy\u00fctt. V\u00e1rjuk adom\u00e1nyaikat: tart\u00f3s \u00e9lelmiszer, ruha, p\u00e9nzbeli adom\u00e1nyok.","og_url":"https:\/\/cedek.hu\/en\/elelmiszer-gyujtes-etel-osztas\/","og_site_name":"CEDEK Izraelita szeretetszolg\u00e1lat","article_modified_time":"2016-05-30T07:41:35+00:00","twitter_card":"summary_large_image","twitter_misc":{"Est. reading time":"3 minutes"},"schema":{"@context":"https:\/\/schema.org","@graph":[{"@type":"WebPage","@id":"https:\/\/cedek.hu\/en\/elelmiszer-gyujtes-etel-osztas\/","url":"https:\/\/cedek.hu\/en\/elelmiszer-gyujtes-etel-osztas\/","name":"\u00c9lelmiszergy\u0171jt\u00e9s, meleg\u00e9tel oszt\u00e1s - CEDEK EMIH Izraelita Szeretetszolg\u00e1lat","isPartOf":{"@id":"https:\/\/cedek.hu\/#website"},"datePublished":"2015-10-30T11:25:38+00:00","dateModified":"2016-05-30T07:41:35+00:00","description":"CEDEK EMIH Izraelita Szeretetszolg\u00e1lat - \u00e9lelmiszergy\u0171jt\u00e9se \u00e9s meleg\u00e9tel oszt\u00e1s. Csatlakozzon \u00d6n is hozz\u00e1nk, seg\u00edts\u00fcnk egy\u00fctt. V\u00e1rjuk adom\u00e1nyaikat: tart\u00f3s \u00e9lelmiszer, ruha, p\u00e9nzbeli adom\u00e1nyok.","breadcrumb":{"@id":"https:\/\/cedek.hu\/en\/elelmiszer-gyujtes-etel-osztas\/#breadcrumb"},"inLanguage":"en-US","potentialAction":[{"@type":"ReadAction","target":["https:\/\/cedek.hu\/en\/elelmiszer-gyujtes-etel-osztas\/"]}]},{"@type":"BreadcrumbList","@id":"https:\/\/cedek.hu\/en\/elelmiszer-gyujtes-etel-osztas\/#breadcrumb","itemListElement":[{"@type":"ListItem","position":1,"name":"Kezd\u0151lap","item":"https:\/\/cedek.hu\/en\/kezdolap\/"},{"@type":"ListItem","position":2,"name":"Collection and distribution of food"}]},{"@type":"WebSite","@id":"https:\/\/cedek.hu\/#website","url":"https:\/\/cedek.hu\/","name":"CEDEK Izraelita szeretetszolg\u00e1lat","description":"Izraelita szeretetszolg\u00e1lat","potentialAction":[{"@type":"SearchAction","target":{"@type":"EntryPoint","urlTemplate":"https:\/\/cedek.hu\/?s={search_term_string}"},"query-input":"required name=search_term_string"}],"inLanguage":"en-US"}]}},"_links":{"self":[{"href":"https:\/\/cedek.hu\/en\/wp-json\/wp\/v2\/pages\/1879"}],"collection":[{"href":"https:\/\/cedek.hu\/en\/wp-json\/wp\/v2\/pages"}],"about":[{"href":"https:\/\/cedek.hu\/en\/wp-json\/wp\/v2\/types\/page"}],"author":[{"embeddable":true,"href":"https:\/\/cedek.hu\/en\/wp-json\/wp\/v2\/users\/2"}],"replies":[{"embeddable":true,"href":"https:\/\/cedek.hu\/en\/wp-json\/wp\/v2\/comments?post=1879"}],"version-history":[{"count":2,"href":"https:\/\/cedek.hu\/en\/wp-json\/wp\/v2\/pages\/1879\/revisions"}],"predecessor-version":[{"id":1882,"href":"https:\/\/cedek.hu\/en\/wp-json\/wp\/v2\/pages\/1879\/revisions\/1882"}],"wp:attachment":[{"href":"https:\/\/cedek.hu\/en\/wp-json\/wp\/v2\/media?parent=1879"}],"curies":[{"name":"wp","href":"https:\/\/api.w.org\/{rel}","templated":true}]}}