{"id":1875,"date":"2015-11-04T16:50:32","date_gmt":"2015-11-04T14:50:32","guid":{"rendered":"http:\/\/cedek.hu\/sajtoszoba\/?lang=en"},"modified":"2016-05-25T18:43:02","modified_gmt":"2016-05-25T16:43:02","slug":"sajtoszoba","status":"publish","type":"page","link":"https:\/\/cedek.hu\/en\/sajtoszoba\/","title":{"rendered":"PRESS"},"content":{"rendered":"<\/div><\/div><\/div><!-- close content main div --><\/div><\/div><div id='sajto' class='avia-section main_color avia-section-no-padding avia-no-border-styling av-section-color-overlay-active avia-bg-style-scroll  container_wrap fullsize' style = 'background-repeat: no-repeat; background-image: url(https:\/\/cedek.hu\/wp-content\/uploads\/2015\/11\/svx.png); background-attachment: scroll; background-position: top right; ' data-section-bg-repeat='no-repeat' ><div class='av-section-color-overlay-wrap'><div class='av-section-color-overlay' style='opacity: 0.5; background-image: url(https:\/\/cedek.hu\/wp-content\/themes\/enfold\/images\/background-images\/ios-linen-dark.png); background-repeat: repeat;'><\/div><div class='container' ><div class='template-page content  av-content-full alpha units'><div class='post-entry post-entry-type-page post-entry-1875'><div class='entry-content-wrapper clearfix'>\n<div class=\"flex_column av_one_half  flex_column_div av-zero-column-padding first  \" style='border-radius:0px; '><p><div style='height:40px' class='hr hr-invisible '><span class='hr-inner ' ><span class='hr-inner-style'><\/span><\/span><\/div><br \/>\n<section class=\"av_textblock_section\"  itemscope=\"itemscope\" itemtype=\"https:\/\/schema.org\/CreativeWork\" ><div class='avia_textblock '  style='font-size:16px; '  itemprop=\"text\" ><p>Subscribe to CEDEK\u2019s press bulletin if you are interested in news, upcoming programs and press events.<\/p>\n\n                <div class='gf_browser_gecko gform_wrapper sajto_wrapper' id='gform_wrapper_8' ><form method='post' enctype='multipart\/form-data'  id='gform_8' class='sajto' action='\/en\/wp-json\/wp\/v2\/pages\/1875'>\n                        <div class='gform_heading'>\n                            <h3 class='gform_title'>Subscribe to CEDEK\u2019s press<\/h3>\n                        <\/div>\n                        <div class='gform_body'><ul id='gform_fields_8' class='gform_fields top_label form_sublabel_below description_below'><li id='field_8_1' class='gfield gf_left_half gfield_contains_required field_sublabel_below field_description_below gfield_visibility_visible' ><label class=\"gfield_label\" for=\"input_8_1\">Name<span class=\"gfield_required\">*<\/span><\/label><div class=\"ginput_container ginput_container_text\"><input name=\"input_1\" id=\"input_8_1\" type=\"text\" value=\"\" class=\"medium\" tabindex=\"1\" aria-required=\"true\" aria-invalid=\"false\" required=\"required\"><\/div><\/li><li id='field_8_2' class='gfield gf_right_half gfield_contains_required field_sublabel_below field_description_below gfield_visibility_visible' ><label class=\"gfield_label\" for=\"input_8_2\">Email<span class=\"gfield_required\">*<\/span><\/label><div class=\"ginput_container ginput_container_email\">\n                            <input name=\"input_2\" id=\"input_8_2\" type=\"email\" value=\"\" class=\"medium\" tabindex=\"2\" required=\"required\">\n                        <\/div><\/li><li id='field_8_3' class='gfield gf_left_half gfield_contains_required field_sublabel_below field_description_below gfield_visibility_visible' ><label class=\"gfield_label\" for=\"input_8_3\">Name of  Medium<span class=\"gfield_required\">*<\/span><\/label><div class=\"ginput_container ginput_container_text\"><input name=\"input_3\" id=\"input_8_3\" type=\"text\" value=\"\" class=\"medium\" tabindex=\"3\" aria-required=\"true\" aria-invalid=\"false\" required=\"required\"><\/div><\/li>\n                            <\/ul><\/div>\n        <div class='gform_footer top_label'> <input type='submit' id='gform_submit_button_8' class='gform_button button' value='Subscribe' tabindex='4' onclick='if(window[\"gf_submitting_8\"]){return false;}  if( !jQuery(\"#gform_8\")[0].checkValidity || jQuery(\"#gform_8\")[0].checkValidity()){window[\"gf_submitting_8\"]=true;}  ' onkeypress='if( event.keyCode == 13 ){ if(window[\"gf_submitting_8\"]){return false;} if( !jQuery(\"#gform_8\")[0].checkValidity || jQuery(\"#gform_8\")[0].checkValidity()){window[\"gf_submitting_8\"]=true;}  jQuery(\"#gform_8\").trigger(\"submit\",[true]); }' \/> \n            <input type='hidden' class='gform_hidden' name='is_submit_8' value='1' \/>\n            <input type='hidden' class='gform_hidden' name='gform_submit' value='8' \/>\n            \n            <input type='hidden' class='gform_hidden' name='gform_unique_id' value='' \/>\n            <input type='hidden' class='gform_hidden' name='state_8' value='WyJbXSIsIjRmOWU3MTVhMGQ0NGFiMGU2ZGJlMTgxZjVhY2U4ZDFiIl0=' \/>\n            <input type='hidden' class='gform_hidden' name='gform_target_page_number_8' id='gform_target_page_number_8' value='0' \/>\n            <input type='hidden' class='gform_hidden' name='gform_source_page_number_8' id='gform_source_page_number_8' value='1' \/>\n            <input type='hidden' name='gform_field_values' value='' \/>\n            \n        <\/div>\n                        <\/form>\n                        <\/div><script type='text\/javascript'> jQuery(document).bind('gform_post_render', function(event, formId, currentPage){if(formId == 8) {} } );jQuery(document).bind('gform_post_conditional_logic', function(event, formId, fields, isInit){} );<\/script><script type='text\/javascript'> jQuery(document).ready(function(){jQuery(document).trigger('gform_post_render', [8, 1]) } ); <\/script>\n<\/div><\/section><\/p><\/div>\n","protected":false},"excerpt":{"rendered":"","protected":false},"author":2,"featured_media":0,"parent":0,"menu_order":0,"comment_status":"closed","ping_status":"closed","template":"","meta":[],"yoast_head":"<!-- This site is optimized with the Yoast SEO plugin v21.8.1 - https:\/\/yoast.com\/wordpress\/plugins\/seo\/ -->\n<title>Sajt\u00f3szoba - CEDEK EMIH Izraelita Szeretetszolg\u00e1lat<\/title>\n<meta name=\"description\" content=\"V\u00e1rjuk a sajt\u00f3 k\u00e9pvisel\u0151it rendezv\u00e9nyeinkre. Vegye fel vel\u00fcnk a kapcsolatot, iratkozzon fel sajt\u00f3list\u00e1nkra, hogy els\u0151k\u00e9nt \u00e9rtes\u00fclj\u00f6n a legfrissebb h\u00edreinkr\u0151l.\" \/>\n<meta name=\"robots\" content=\"index, follow, max-snippet:-1, max-image-preview:large, max-video-preview:-1\" \/>\n<link rel=\"canonical\" href=\"https:\/\/cedek.hu\/en\/sajtoszoba\/\" \/>\n<meta property=\"og:locale\" content=\"en_US\" \/>\n<meta property=\"og:type\" content=\"article\" \/>\n<meta property=\"og:title\" content=\"Sajt\u00f3szoba - CEDEK EMIH Izraelita Szeretetszolg\u00e1lat\" \/>\n<meta property=\"og:description\" content=\"V\u00e1rjuk a sajt\u00f3 k\u00e9pvisel\u0151it rendezv\u00e9nyeinkre. Vegye fel vel\u00fcnk a kapcsolatot, iratkozzon fel sajt\u00f3list\u00e1nkra, hogy els\u0151k\u00e9nt \u00e9rtes\u00fclj\u00f6n a legfrissebb h\u00edreinkr\u0151l.\" \/>\n<meta property=\"og:url\" content=\"https:\/\/cedek.hu\/en\/sajtoszoba\/\" \/>\n<meta property=\"og:site_name\" content=\"CEDEK Izraelita szeretetszolg\u00e1lat\" \/>\n<meta property=\"article:modified_time\" content=\"2016-05-25T16:43:02+00:00\" \/>\n<meta name=\"twitter:card\" content=\"summary_large_image\" \/>\n<meta name=\"twitter:label1\" content=\"Est. reading time\" \/>\n\t<meta name=\"twitter:data1\" content=\"1 minute\" \/>\n<script type=\"application\/ld+json\" class=\"yoast-schema-graph\">{\"@context\":\"https:\/\/schema.org\",\"@graph\":[{\"@type\":\"WebPage\",\"@id\":\"https:\/\/cedek.hu\/en\/sajtoszoba\/\",\"url\":\"https:\/\/cedek.hu\/en\/sajtoszoba\/\",\"name\":\"Sajt\u00f3szoba - CEDEK EMIH Izraelita Szeretetszolg\u00e1lat\",\"isPartOf\":{\"@id\":\"https:\/\/cedek.hu\/#website\"},\"datePublished\":\"2015-11-04T14:50:32+00:00\",\"dateModified\":\"2016-05-25T16:43:02+00:00\",\"description\":\"V\u00e1rjuk a sajt\u00f3 k\u00e9pvisel\u0151it rendezv\u00e9nyeinkre. Vegye fel vel\u00fcnk a kapcsolatot, iratkozzon fel sajt\u00f3list\u00e1nkra, hogy els\u0151k\u00e9nt \u00e9rtes\u00fclj\u00f6n a legfrissebb h\u00edreinkr\u0151l.\",\"breadcrumb\":{\"@id\":\"https:\/\/cedek.hu\/en\/sajtoszoba\/#breadcrumb\"},\"inLanguage\":\"en-US\",\"potentialAction\":[{\"@type\":\"ReadAction\",\"target\":[\"https:\/\/cedek.hu\/en\/sajtoszoba\/\"]}]},{\"@type\":\"BreadcrumbList\",\"@id\":\"https:\/\/cedek.hu\/en\/sajtoszoba\/#breadcrumb\",\"itemListElement\":[{\"@type\":\"ListItem\",\"position\":1,\"name\":\"Kezd\u0151lap\",\"item\":\"https:\/\/cedek.hu\/en\/kezdolap\/\"},{\"@type\":\"ListItem\",\"position\":2,\"name\":\"PRESS\"}]},{\"@type\":\"WebSite\",\"@id\":\"https:\/\/cedek.hu\/#website\",\"url\":\"https:\/\/cedek.hu\/\",\"name\":\"CEDEK Izraelita szeretetszolg\u00e1lat\",\"description\":\"Izraelita szeretetszolg\u00e1lat\",\"potentialAction\":[{\"@type\":\"SearchAction\",\"target\":{\"@type\":\"EntryPoint\",\"urlTemplate\":\"https:\/\/cedek.hu\/?s={search_term_string}\"},\"query-input\":\"required name=search_term_string\"}],\"inLanguage\":\"en-US\"}]}<\/script>\n<!-- \/ Yoast SEO plugin. -->","yoast_head_json":{"title":"Sajt\u00f3szoba - CEDEK EMIH Izraelita Szeretetszolg\u00e1lat","description":"V\u00e1rjuk a sajt\u00f3 k\u00e9pvisel\u0151it rendezv\u00e9nyeinkre. Vegye fel vel\u00fcnk a kapcsolatot, iratkozzon fel sajt\u00f3list\u00e1nkra, hogy els\u0151k\u00e9nt \u00e9rtes\u00fclj\u00f6n a legfrissebb h\u00edreinkr\u0151l.","robots":{"index":"index","follow":"follow","max-snippet":"max-snippet:-1","max-image-preview":"max-image-preview:large","max-video-preview":"max-video-preview:-1"},"canonical":"https:\/\/cedek.hu\/en\/sajtoszoba\/","og_locale":"en_US","og_type":"article","og_title":"Sajt\u00f3szoba - CEDEK EMIH Izraelita Szeretetszolg\u00e1lat","og_description":"V\u00e1rjuk a sajt\u00f3 k\u00e9pvisel\u0151it rendezv\u00e9nyeinkre. Vegye fel vel\u00fcnk a kapcsolatot, iratkozzon fel sajt\u00f3list\u00e1nkra, hogy els\u0151k\u00e9nt \u00e9rtes\u00fclj\u00f6n a legfrissebb h\u00edreinkr\u0151l.","og_url":"https:\/\/cedek.hu\/en\/sajtoszoba\/","og_site_name":"CEDEK Izraelita szeretetszolg\u00e1lat","article_modified_time":"2016-05-25T16:43:02+00:00","twitter_card":"summary_large_image","twitter_misc":{"Est. reading time":"1 minute"},"schema":{"@context":"https:\/\/schema.org","@graph":[{"@type":"WebPage","@id":"https:\/\/cedek.hu\/en\/sajtoszoba\/","url":"https:\/\/cedek.hu\/en\/sajtoszoba\/","name":"Sajt\u00f3szoba - CEDEK EMIH Izraelita Szeretetszolg\u00e1lat","isPartOf":{"@id":"https:\/\/cedek.hu\/#website"},"datePublished":"2015-11-04T14:50:32+00:00","dateModified":"2016-05-25T16:43:02+00:00","description":"V\u00e1rjuk a sajt\u00f3 k\u00e9pvisel\u0151it rendezv\u00e9nyeinkre. Vegye fel vel\u00fcnk a kapcsolatot, iratkozzon fel sajt\u00f3list\u00e1nkra, hogy els\u0151k\u00e9nt \u00e9rtes\u00fclj\u00f6n a legfrissebb h\u00edreinkr\u0151l.","breadcrumb":{"@id":"https:\/\/cedek.hu\/en\/sajtoszoba\/#breadcrumb"},"inLanguage":"en-US","potentialAction":[{"@type":"ReadAction","target":["https:\/\/cedek.hu\/en\/sajtoszoba\/"]}]},{"@type":"BreadcrumbList","@id":"https:\/\/cedek.hu\/en\/sajtoszoba\/#breadcrumb","itemListElement":[{"@type":"ListItem","position":1,"name":"Kezd\u0151lap","item":"https:\/\/cedek.hu\/en\/kezdolap\/"},{"@type":"ListItem","position":2,"name":"PRESS"}]},{"@type":"WebSite","@id":"https:\/\/cedek.hu\/#website","url":"https:\/\/cedek.hu\/","name":"CEDEK Izraelita szeretetszolg\u00e1lat","description":"Izraelita szeretetszolg\u00e1lat","potentialAction":[{"@type":"SearchAction","target":{"@type":"EntryPoint","urlTemplate":"https:\/\/cedek.hu\/?s={search_term_string}"},"query-input":"required name=search_term_string"}],"inLanguage":"en-US"}]}},"_links":{"self":[{"href":"https:\/\/cedek.hu\/en\/wp-json\/wp\/v2\/pages\/1875"}],"collection":[{"href":"https:\/\/cedek.hu\/en\/wp-json\/wp\/v2\/pages"}],"about":[{"href":"https:\/\/cedek.hu\/en\/wp-json\/wp\/v2\/types\/page"}],"author":[{"embeddable":true,"href":"https:\/\/cedek.hu\/en\/wp-json\/wp\/v2\/users\/2"}],"replies":[{"embeddable":true,"href":"https:\/\/cedek.hu\/en\/wp-json\/wp\/v2\/comments?post=1875"}],"version-history":[{"count":3,"href":"https:\/\/cedek.hu\/en\/wp-json\/wp\/v2\/pages\/1875\/revisions"}],"predecessor-version":[{"id":1953,"href":"https:\/\/cedek.hu\/en\/wp-json\/wp\/v2\/pages\/1875\/revisions\/1953"}],"wp:attachment":[{"href":"https:\/\/cedek.hu\/en\/wp-json\/wp\/v2\/media?parent=1875"}],"curies":[{"name":"wp","href":"https:\/\/api.w.org\/{rel}","templated":true}]}}