{"id":1869,"date":"2015-10-28T21:35:27","date_gmt":"2015-10-28T19:35:27","guid":{"rendered":"http:\/\/cedek.hu\/kapcsolat\/?lang=en"},"modified":"2016-05-25T16:25:08","modified_gmt":"2016-05-25T14:25:08","slug":"kapcsolat","status":"publish","type":"page","link":"https:\/\/cedek.hu\/en\/kapcsolat\/","title":{"rendered":"CONTACT US"},"content":{"rendered":"<div class=\"flex_column av_one_third  flex_column_div first  \" style='padding:14px; background-color:#14284b; border-radius:0px; '><div style='padding-bottom:0px;color:#00b2e2;font-size:28px;' class='av-special-heading av-special-heading-h3 custom-color-heading blockquote modern-quote   av-inherit-size'><h3 class='av-special-heading-tag'  itemprop=\"headline\"  >CONTACT US<\/h3><div class='special-heading-border'><div class='special-heading-inner-border' style='border-color:#00b2e2'><\/div><\/div><\/div><\/div>\n<div class=\"flex_column av_three_fifth  flex_column_div av-zero-column-padding   \" style='border-radius:0px; '><\/div>\n<div class='flex_column_table av-equal-height-column-flextable' ><div class=\"flex_column av_one_full  no_margin flex_column_table_cell av-equal-height-column av-align-top first  \" style='padding:10px; background-color:#f9f9f9; border-radius:0px; '><p><section class=\"av_textblock_section\"  itemscope=\"itemscope\" itemtype=\"https:\/\/schema.org\/CreativeWork\" ><div class='avia_textblock '  style='font-size:15px; '  itemprop=\"text\" ><p>Don&#8217;t hesitate to contact us if you or someone you know needs our assistance.<\/p>\n<p><strong> Phone<\/strong>: +36 30\u00a0725 0364, +36 1\u00a0268 0183<\/p>\n<p><strong>E-mail:\u00a0<\/strong><a href=\"mailto:segitseg@cedek.hu\"><strong>segitseg@cedek.hu<\/strong><\/a><\/p>\n<p><strong>Mailing address<\/strong>: CEDEK EMIH Izraelita Szeretetszolg\u00e1lat, 1052 Budapest, K\u00e1roly Krt. 20.<\/p>\n<\/div><\/section><br \/>\n<form action=\"https:\/\/cedek.hu\/en\/kapcsolat\/\" method=\"post\"  class=\"avia_ajax_form av-form-labels-visible    \" data-avia-form-id=\"1\" data-avia-redirect=''><fieldset><h3>SEND US A MESSAGE<\/h3><p class=' first_form  form_element form_element_half' id='element_avia_1_1'><label for=\"avia_1_1\">Name<\/label> <input name=\"avia_1_1\" class=\"text_input \" type=\"text\" id=\"avia_1_1\" value=\"\" \/><\/p><p class=' form_element form_element_half' id='element_avia_2_1'><label for=\"avia_2_1\">E-Mail <abbr class=\"required\" title=\"required\">*<\/abbr><\/label> <input name=\"avia_2_1\" class=\"text_input is_email\" type=\"text\" id=\"avia_2_1\" value=\"\" \/><\/p><p class=' first_form  form_element form_fullwidth' id='element_avia_3_1'><label for=\"avia_3_1\">subject <abbr class=\"required\" title=\"required\">*<\/abbr><\/label> <input name=\"avia_3_1\" class=\"text_input is_empty\" type=\"text\" id=\"avia_3_1\" value=\"\" \/><\/p><p class=' first_form  form_element form_fullwidth av-last-visible-form-element' id='element_avia_4_1'>\t <label for=\"avia_4_1\" class=\"textare_label hidden textare_label_avia_4_1\">Message <abbr class=\"required\" title=\"required\">*<\/abbr><\/label>\t <textarea  name=\"avia_4_1\" class=\"text_area is_empty\" cols=\"40\" rows=\"7\" id=\"avia_4_1\" ><\/textarea><\/p><p class=\"hidden\"><input type=\"text\" name=\"avia_5_1\" class=\"hidden \" id=\"avia_5_1\" value=\"\" \/><\/p><p class=\"form_element \"><input type=\"hidden\" value=\"1\" name=\"avia_generated_form1\" \/><input type=\"submit\" value=\"Send\" class=\"button\"  data-sending-label=\"Sending\"\/><\/p><\/fieldset><\/form><div id=\"ajaxresponse_1\" class=\"ajaxresponse ajaxresponse_1 hidden\"><\/div><\/p><\/div><\/div><!--close column table wrapper. Autoclose: 1 -->\n","protected":false},"excerpt":{"rendered":"","protected":false},"author":2,"featured_media":0,"parent":0,"menu_order":0,"comment_status":"closed","ping_status":"closed","template":"","meta":[],"yoast_head":"<!-- This site is optimized with the Yoast SEO plugin v21.8.1 - https:\/\/yoast.com\/wordpress\/plugins\/seo\/ -->\n<title>Cedek Izraelita Szeretetszolg\u00e1lat - Kapcsolat<\/title>\n<meta name=\"description\" content=\"Ha seg\u00edteni tudunk \u00d6nnek vagy csal\u00e1dj\u00e1nak, illetve ismer olyat, akinek seg\u00edts\u00e9gre van sz\u00fcks\u00e9g, keressen minket.Telefonon: +36 30 725 0364, +36 1 268 0183\" \/>\n<meta name=\"robots\" content=\"index, follow, max-snippet:-1, max-image-preview:large, max-video-preview:-1\" \/>\n<link rel=\"canonical\" href=\"https:\/\/cedek.hu\/en\/kapcsolat\/\" \/>\n<meta property=\"og:locale\" content=\"en_US\" \/>\n<meta property=\"og:type\" content=\"article\" \/>\n<meta property=\"og:title\" content=\"Cedek Izraelita Szeretetszolg\u00e1lat - Kapcsolat\" \/>\n<meta property=\"og:description\" content=\"Ha seg\u00edteni tudunk \u00d6nnek vagy csal\u00e1dj\u00e1nak, illetve ismer olyat, akinek seg\u00edts\u00e9gre van sz\u00fcks\u00e9g, keressen minket.Telefonon: +36 30 725 0364, +36 1 268 0183\" \/>\n<meta property=\"og:url\" content=\"https:\/\/cedek.hu\/en\/kapcsolat\/\" \/>\n<meta property=\"og:site_name\" content=\"CEDEK Izraelita szeretetszolg\u00e1lat\" \/>\n<meta property=\"article:modified_time\" content=\"2016-05-25T14:25:08+00:00\" \/>\n<meta name=\"twitter:card\" content=\"summary_large_image\" \/>\n<meta name=\"twitter:label1\" content=\"Est. reading time\" \/>\n\t<meta name=\"twitter:data1\" content=\"2 minutes\" \/>\n<script type=\"application\/ld+json\" class=\"yoast-schema-graph\">{\"@context\":\"https:\/\/schema.org\",\"@graph\":[{\"@type\":\"WebPage\",\"@id\":\"https:\/\/cedek.hu\/en\/kapcsolat\/\",\"url\":\"https:\/\/cedek.hu\/en\/kapcsolat\/\",\"name\":\"Cedek Izraelita Szeretetszolg\u00e1lat - Kapcsolat\",\"isPartOf\":{\"@id\":\"https:\/\/cedek.hu\/#website\"},\"datePublished\":\"2015-10-28T19:35:27+00:00\",\"dateModified\":\"2016-05-25T14:25:08+00:00\",\"description\":\"Ha seg\u00edteni tudunk \u00d6nnek vagy csal\u00e1dj\u00e1nak, illetve ismer olyat, akinek seg\u00edts\u00e9gre van sz\u00fcks\u00e9g, keressen minket.Telefonon: +36 30 725 0364, +36 1 268 0183\",\"breadcrumb\":{\"@id\":\"https:\/\/cedek.hu\/en\/kapcsolat\/#breadcrumb\"},\"inLanguage\":\"en-US\",\"potentialAction\":[{\"@type\":\"ReadAction\",\"target\":[\"https:\/\/cedek.hu\/en\/kapcsolat\/\"]}]},{\"@type\":\"BreadcrumbList\",\"@id\":\"https:\/\/cedek.hu\/en\/kapcsolat\/#breadcrumb\",\"itemListElement\":[{\"@type\":\"ListItem\",\"position\":1,\"name\":\"Kezd\u0151lap\",\"item\":\"https:\/\/cedek.hu\/en\/kezdolap\/\"},{\"@type\":\"ListItem\",\"position\":2,\"name\":\"CONTACT US\"}]},{\"@type\":\"WebSite\",\"@id\":\"https:\/\/cedek.hu\/#website\",\"url\":\"https:\/\/cedek.hu\/\",\"name\":\"CEDEK Izraelita szeretetszolg\u00e1lat\",\"description\":\"Izraelita szeretetszolg\u00e1lat\",\"potentialAction\":[{\"@type\":\"SearchAction\",\"target\":{\"@type\":\"EntryPoint\",\"urlTemplate\":\"https:\/\/cedek.hu\/?s={search_term_string}\"},\"query-input\":\"required name=search_term_string\"}],\"inLanguage\":\"en-US\"}]}<\/script>\n<!-- \/ Yoast SEO plugin. -->","yoast_head_json":{"title":"Cedek Izraelita Szeretetszolg\u00e1lat - Kapcsolat","description":"Ha seg\u00edteni tudunk \u00d6nnek vagy csal\u00e1dj\u00e1nak, illetve ismer olyat, akinek seg\u00edts\u00e9gre van sz\u00fcks\u00e9g, keressen minket.Telefonon: +36 30 725 0364, +36 1 268 0183","robots":{"index":"index","follow":"follow","max-snippet":"max-snippet:-1","max-image-preview":"max-image-preview:large","max-video-preview":"max-video-preview:-1"},"canonical":"https:\/\/cedek.hu\/en\/kapcsolat\/","og_locale":"en_US","og_type":"article","og_title":"Cedek Izraelita Szeretetszolg\u00e1lat - Kapcsolat","og_description":"Ha seg\u00edteni tudunk \u00d6nnek vagy csal\u00e1dj\u00e1nak, illetve ismer olyat, akinek seg\u00edts\u00e9gre van sz\u00fcks\u00e9g, keressen minket.Telefonon: +36 30 725 0364, +36 1 268 0183","og_url":"https:\/\/cedek.hu\/en\/kapcsolat\/","og_site_name":"CEDEK Izraelita szeretetszolg\u00e1lat","article_modified_time":"2016-05-25T14:25:08+00:00","twitter_card":"summary_large_image","twitter_misc":{"Est. reading time":"2 minutes"},"schema":{"@context":"https:\/\/schema.org","@graph":[{"@type":"WebPage","@id":"https:\/\/cedek.hu\/en\/kapcsolat\/","url":"https:\/\/cedek.hu\/en\/kapcsolat\/","name":"Cedek Izraelita Szeretetszolg\u00e1lat - Kapcsolat","isPartOf":{"@id":"https:\/\/cedek.hu\/#website"},"datePublished":"2015-10-28T19:35:27+00:00","dateModified":"2016-05-25T14:25:08+00:00","description":"Ha seg\u00edteni tudunk \u00d6nnek vagy csal\u00e1dj\u00e1nak, illetve ismer olyat, akinek seg\u00edts\u00e9gre van sz\u00fcks\u00e9g, keressen minket.Telefonon: +36 30 725 0364, +36 1 268 0183","breadcrumb":{"@id":"https:\/\/cedek.hu\/en\/kapcsolat\/#breadcrumb"},"inLanguage":"en-US","potentialAction":[{"@type":"ReadAction","target":["https:\/\/cedek.hu\/en\/kapcsolat\/"]}]},{"@type":"BreadcrumbList","@id":"https:\/\/cedek.hu\/en\/kapcsolat\/#breadcrumb","itemListElement":[{"@type":"ListItem","position":1,"name":"Kezd\u0151lap","item":"https:\/\/cedek.hu\/en\/kezdolap\/"},{"@type":"ListItem","position":2,"name":"CONTACT US"}]},{"@type":"WebSite","@id":"https:\/\/cedek.hu\/#website","url":"https:\/\/cedek.hu\/","name":"CEDEK Izraelita szeretetszolg\u00e1lat","description":"Izraelita szeretetszolg\u00e1lat","potentialAction":[{"@type":"SearchAction","target":{"@type":"EntryPoint","urlTemplate":"https:\/\/cedek.hu\/?s={search_term_string}"},"query-input":"required name=search_term_string"}],"inLanguage":"en-US"}]}},"_links":{"self":[{"href":"https:\/\/cedek.hu\/en\/wp-json\/wp\/v2\/pages\/1869"}],"collection":[{"href":"https:\/\/cedek.hu\/en\/wp-json\/wp\/v2\/pages"}],"about":[{"href":"https:\/\/cedek.hu\/en\/wp-json\/wp\/v2\/types\/page"}],"author":[{"embeddable":true,"href":"https:\/\/cedek.hu\/en\/wp-json\/wp\/v2\/users\/2"}],"replies":[{"embeddable":true,"href":"https:\/\/cedek.hu\/en\/wp-json\/wp\/v2\/comments?post=1869"}],"version-history":[{"count":3,"href":"https:\/\/cedek.hu\/en\/wp-json\/wp\/v2\/pages\/1869\/revisions"}],"predecessor-version":[{"id":1872,"href":"https:\/\/cedek.hu\/en\/wp-json\/wp\/v2\/pages\/1869\/revisions\/1872"}],"wp:attachment":[{"href":"https:\/\/cedek.hu\/en\/wp-json\/wp\/v2\/media?parent=1869"}],"curies":[{"name":"wp","href":"https:\/\/api.w.org\/{rel}","templated":true}]}}