{"id":1866,"date":"2015-10-28T21:23:16","date_gmt":"2015-10-28T19:23:16","guid":{"rendered":"http:\/\/cedek.hu\/segitsegnyujtas\/?lang=en"},"modified":"2016-05-25T16:25:38","modified_gmt":"2016-05-25T14:25:38","slug":"how-we-help","status":"publish","type":"page","link":"https:\/\/cedek.hu\/en\/how-we-help\/","title":{"rendered":"HOW WE HELP"},"content":{"rendered":"<div class=\"flex_column av_one_third  flex_column_div first  \" style='padding:14px; background-color:#14284b; border-radius:0px; '><div style='padding-bottom:0px;color:#00b2e2;font-size:28px;' class='av-special-heading av-special-heading-h3 custom-color-heading blockquote modern-quote   av-inherit-size'><h3 class='av-special-heading-tag'  itemprop=\"headline\"  >HOW WE HELP<\/h3><div class='special-heading-border'><div class='special-heading-inner-border' style='border-color:#00b2e2'><\/div><\/div><\/div><\/div><div class=\"flex_column av_three_fifth  flex_column_div av-zero-column-padding   \" style='border-radius:0px; '><\/div><\/p>\n<div class='flex_column_table av-equal-height-column-flextable' ><div class=\"flex_column av_one_full  no_margin flex_column_table_cell av-equal-height-column av-align-top first  \" style='padding:10px; background-color:#f9f9f9; border-radius:0px; '><section class=\"av_textblock_section\"  itemscope=\"itemscope\" itemtype=\"https:\/\/schema.org\/CreativeWork\" ><div class='avia_textblock '  style='font-size:15px; '  itemprop=\"text\" ><p><strong>HOW WE HELP<\/strong><\/p>\n<p>CEDEK is guided by the universal command to help those in need. It applies to each of us individually and as a community. CEDEK is involved in various fields of service in Hungary and in other European countries<\/p>\n<p>Among EU-member states Hungary has the fastest growing rate of children affected by hunger and extreme poverty. There are also countless adults living on the streets, unable to afford a hot meal. CEDEK tries to help by organizing <strong>food drives and free public meals. <\/strong><\/p>\n<p>We collect gently used<strong> clothes<\/strong> and find their new owners &#8211; whether it is baby clothes for a premie or shoes and a warm coat for a homeless adult.<\/p>\n<p>During the winter months the biggest financial burden is heating. We believe that nobody should be forced to choose between paying for food, medicine or a warm home. CEDEK is determined to keep everyone warm by finding ways to <strong>pay for heating<\/strong>. Our spring campaign focuses on <strong>re-painting homes<\/strong> affected by mold and mildew to prevent certain health issues.<\/p>\n<p>Our <strong>child and family services<\/strong> provide toys, school readiness programs, tutoring programs and help with daytime child care. CEDEK also organizes day camps and in-home childcare to support and help <strong>single parents<\/strong>.<\/p>\n<p>In the coming months, our organization will start various programs in the following fields: <strong>health care<\/strong> (preventive care, screening, medical equipment, medicine, etc.), <strong>employment <\/strong>(job center), <strong>education<\/strong> (scholarship, vocational training, tutoring, etc) and <strong>research<\/strong> (incentive programs).<\/p>\n<p>Don`t hesitate to contact us if you or someone you know needs our assistance.<\/p>\n<p>Phone: +36 30\u00a0725 0364, +36 1\u00a0268 0183<\/p>\n<p>E-mail: <a href=\"mailto:segitseg@cedek.hu\"><strong>segitseg@cedek.hu<\/strong><\/a><\/p>\n<p>Mailing address: CEDEK EMIH Izraelita Szeretetszolg\u00e1lat, 1052 Budapest, K\u00e1roly Krt. 20.<\/p>\n<\/div><\/section><\/div><\/div><!--close column table wrapper. Autoclose: 1 -->\n","protected":false},"excerpt":{"rendered":"","protected":false},"author":2,"featured_media":0,"parent":0,"menu_order":0,"comment_status":"closed","ping_status":"closed","template":"","meta":[],"yoast_head":"<!-- This site is optimized with the Yoast SEO plugin v21.8.1 - https:\/\/yoast.com\/wordpress\/plugins\/seo\/ -->\n<title>Seg\u00edt\u00fcnk - Seg\u00edtsen! CEDEK EMIH Izraelita Szeretetszolg\u00e1lat<\/title>\n<meta name=\"description\" content=\"A CEDEK EMIH Izraelita Szeretetszolg\u00e1lat elk\u00f6telezett seg\u00edteni minden r\u00e1szorul\u00f3nak, korra, nemre, vall\u00e1sra val\u00f3 tekintet n\u00e9lk\u00fcl. Seg\u00edtse munk\u00e1nkat adom\u00e1ny\u00e1val \u00e9s \u00f6nk\u00e9ntes munk\u00e1j\u00e1val.\" \/>\n<meta name=\"robots\" content=\"index, follow, max-snippet:-1, max-image-preview:large, max-video-preview:-1\" \/>\n<link rel=\"canonical\" href=\"https:\/\/cedek.hu\/en\/how-we-help\/\" \/>\n<meta property=\"og:locale\" content=\"en_US\" \/>\n<meta property=\"og:type\" content=\"article\" \/>\n<meta property=\"og:title\" content=\"Seg\u00edt\u00fcnk - Seg\u00edtsen! CEDEK EMIH Izraelita Szeretetszolg\u00e1lat\" \/>\n<meta property=\"og:description\" content=\"A CEDEK EMIH Izraelita Szeretetszolg\u00e1lat elk\u00f6telezett seg\u00edteni minden r\u00e1szorul\u00f3nak, korra, nemre, vall\u00e1sra val\u00f3 tekintet n\u00e9lk\u00fcl. Seg\u00edtse munk\u00e1nkat adom\u00e1ny\u00e1val \u00e9s \u00f6nk\u00e9ntes munk\u00e1j\u00e1val.\" \/>\n<meta property=\"og:url\" content=\"https:\/\/cedek.hu\/en\/how-we-help\/\" \/>\n<meta property=\"og:site_name\" content=\"CEDEK Izraelita szeretetszolg\u00e1lat\" \/>\n<meta property=\"article:modified_time\" content=\"2016-05-25T14:25:38+00:00\" \/>\n<meta name=\"twitter:card\" content=\"summary_large_image\" \/>\n<meta name=\"twitter:label1\" content=\"Est. reading time\" \/>\n\t<meta name=\"twitter:data1\" content=\"2 minutes\" \/>\n<script type=\"application\/ld+json\" class=\"yoast-schema-graph\">{\"@context\":\"https:\/\/schema.org\",\"@graph\":[{\"@type\":\"WebPage\",\"@id\":\"https:\/\/cedek.hu\/en\/how-we-help\/\",\"url\":\"https:\/\/cedek.hu\/en\/how-we-help\/\",\"name\":\"Seg\u00edt\u00fcnk - Seg\u00edtsen! CEDEK EMIH Izraelita Szeretetszolg\u00e1lat\",\"isPartOf\":{\"@id\":\"https:\/\/cedek.hu\/#website\"},\"datePublished\":\"2015-10-28T19:23:16+00:00\",\"dateModified\":\"2016-05-25T14:25:38+00:00\",\"description\":\"A CEDEK EMIH Izraelita Szeretetszolg\u00e1lat elk\u00f6telezett seg\u00edteni minden r\u00e1szorul\u00f3nak, korra, nemre, vall\u00e1sra val\u00f3 tekintet n\u00e9lk\u00fcl. Seg\u00edtse munk\u00e1nkat adom\u00e1ny\u00e1val \u00e9s \u00f6nk\u00e9ntes munk\u00e1j\u00e1val.\",\"breadcrumb\":{\"@id\":\"https:\/\/cedek.hu\/en\/how-we-help\/#breadcrumb\"},\"inLanguage\":\"en-US\",\"potentialAction\":[{\"@type\":\"ReadAction\",\"target\":[\"https:\/\/cedek.hu\/en\/how-we-help\/\"]}]},{\"@type\":\"BreadcrumbList\",\"@id\":\"https:\/\/cedek.hu\/en\/how-we-help\/#breadcrumb\",\"itemListElement\":[{\"@type\":\"ListItem\",\"position\":1,\"name\":\"Kezd\u0151lap\",\"item\":\"https:\/\/cedek.hu\/en\/kezdolap\/\"},{\"@type\":\"ListItem\",\"position\":2,\"name\":\"HOW WE HELP\"}]},{\"@type\":\"WebSite\",\"@id\":\"https:\/\/cedek.hu\/#website\",\"url\":\"https:\/\/cedek.hu\/\",\"name\":\"CEDEK Izraelita szeretetszolg\u00e1lat\",\"description\":\"Izraelita szeretetszolg\u00e1lat\",\"potentialAction\":[{\"@type\":\"SearchAction\",\"target\":{\"@type\":\"EntryPoint\",\"urlTemplate\":\"https:\/\/cedek.hu\/?s={search_term_string}\"},\"query-input\":\"required name=search_term_string\"}],\"inLanguage\":\"en-US\"}]}<\/script>\n<!-- \/ Yoast SEO plugin. -->","yoast_head_json":{"title":"Seg\u00edt\u00fcnk - Seg\u00edtsen! CEDEK EMIH Izraelita Szeretetszolg\u00e1lat","description":"A CEDEK EMIH Izraelita Szeretetszolg\u00e1lat elk\u00f6telezett seg\u00edteni minden r\u00e1szorul\u00f3nak, korra, nemre, vall\u00e1sra val\u00f3 tekintet n\u00e9lk\u00fcl. Seg\u00edtse munk\u00e1nkat adom\u00e1ny\u00e1val \u00e9s \u00f6nk\u00e9ntes munk\u00e1j\u00e1val.","robots":{"index":"index","follow":"follow","max-snippet":"max-snippet:-1","max-image-preview":"max-image-preview:large","max-video-preview":"max-video-preview:-1"},"canonical":"https:\/\/cedek.hu\/en\/how-we-help\/","og_locale":"en_US","og_type":"article","og_title":"Seg\u00edt\u00fcnk - Seg\u00edtsen! CEDEK EMIH Izraelita Szeretetszolg\u00e1lat","og_description":"A CEDEK EMIH Izraelita Szeretetszolg\u00e1lat elk\u00f6telezett seg\u00edteni minden r\u00e1szorul\u00f3nak, korra, nemre, vall\u00e1sra val\u00f3 tekintet n\u00e9lk\u00fcl. Seg\u00edtse munk\u00e1nkat adom\u00e1ny\u00e1val \u00e9s \u00f6nk\u00e9ntes munk\u00e1j\u00e1val.","og_url":"https:\/\/cedek.hu\/en\/how-we-help\/","og_site_name":"CEDEK Izraelita szeretetszolg\u00e1lat","article_modified_time":"2016-05-25T14:25:38+00:00","twitter_card":"summary_large_image","twitter_misc":{"Est. reading time":"2 minutes"},"schema":{"@context":"https:\/\/schema.org","@graph":[{"@type":"WebPage","@id":"https:\/\/cedek.hu\/en\/how-we-help\/","url":"https:\/\/cedek.hu\/en\/how-we-help\/","name":"Seg\u00edt\u00fcnk - Seg\u00edtsen! CEDEK EMIH Izraelita Szeretetszolg\u00e1lat","isPartOf":{"@id":"https:\/\/cedek.hu\/#website"},"datePublished":"2015-10-28T19:23:16+00:00","dateModified":"2016-05-25T14:25:38+00:00","description":"A CEDEK EMIH Izraelita Szeretetszolg\u00e1lat elk\u00f6telezett seg\u00edteni minden r\u00e1szorul\u00f3nak, korra, nemre, vall\u00e1sra val\u00f3 tekintet n\u00e9lk\u00fcl. Seg\u00edtse munk\u00e1nkat adom\u00e1ny\u00e1val \u00e9s \u00f6nk\u00e9ntes munk\u00e1j\u00e1val.","breadcrumb":{"@id":"https:\/\/cedek.hu\/en\/how-we-help\/#breadcrumb"},"inLanguage":"en-US","potentialAction":[{"@type":"ReadAction","target":["https:\/\/cedek.hu\/en\/how-we-help\/"]}]},{"@type":"BreadcrumbList","@id":"https:\/\/cedek.hu\/en\/how-we-help\/#breadcrumb","itemListElement":[{"@type":"ListItem","position":1,"name":"Kezd\u0151lap","item":"https:\/\/cedek.hu\/en\/kezdolap\/"},{"@type":"ListItem","position":2,"name":"HOW WE HELP"}]},{"@type":"WebSite","@id":"https:\/\/cedek.hu\/#website","url":"https:\/\/cedek.hu\/","name":"CEDEK Izraelita szeretetszolg\u00e1lat","description":"Izraelita szeretetszolg\u00e1lat","potentialAction":[{"@type":"SearchAction","target":{"@type":"EntryPoint","urlTemplate":"https:\/\/cedek.hu\/?s={search_term_string}"},"query-input":"required name=search_term_string"}],"inLanguage":"en-US"}]}},"_links":{"self":[{"href":"https:\/\/cedek.hu\/en\/wp-json\/wp\/v2\/pages\/1866"}],"collection":[{"href":"https:\/\/cedek.hu\/en\/wp-json\/wp\/v2\/pages"}],"about":[{"href":"https:\/\/cedek.hu\/en\/wp-json\/wp\/v2\/types\/page"}],"author":[{"embeddable":true,"href":"https:\/\/cedek.hu\/en\/wp-json\/wp\/v2\/users\/2"}],"replies":[{"embeddable":true,"href":"https:\/\/cedek.hu\/en\/wp-json\/wp\/v2\/comments?post=1866"}],"version-history":[{"count":3,"href":"https:\/\/cedek.hu\/en\/wp-json\/wp\/v2\/pages\/1866\/revisions"}],"predecessor-version":[{"id":1873,"href":"https:\/\/cedek.hu\/en\/wp-json\/wp\/v2\/pages\/1866\/revisions\/1873"}],"wp:attachment":[{"href":"https:\/\/cedek.hu\/en\/wp-json\/wp\/v2\/media?parent=1866"}],"curies":[{"name":"wp","href":"https:\/\/api.w.org\/{rel}","templated":true}]}}