{"id":1864,"date":"2015-10-28T21:20:39","date_gmt":"2015-10-28T19:20:39","guid":{"rendered":"http:\/\/cedek.hu\/szellemiseg\/?lang=en"},"modified":"2016-05-25T16:26:01","modified_gmt":"2016-05-25T14:26:01","slug":"our-philosophy","status":"publish","type":"page","link":"https:\/\/cedek.hu\/en\/our-philosophy\/","title":{"rendered":"OUR PHILOSOPHY"},"content":{"rendered":"<div class=\"flex_column av_one_third  flex_column_div first  \" style='padding:14px; background-color:#14284b; border-radius:0px; '><div style='padding-bottom:0px;color:#00b2e2;font-size:28px;' class='av-special-heading av-special-heading-h3 custom-color-heading blockquote modern-quote   av-inherit-size'><h3 class='av-special-heading-tag'  itemprop=\"headline\"  >OUR PHILOSOPHY<\/h3><div class='special-heading-border'><div class='special-heading-inner-border' style='border-color:#00b2e2'><\/div><\/div><\/div><\/div><div class=\"flex_column av_three_fifth  flex_column_div av-zero-column-padding   \" style='border-radius:0px; '><\/div><\/p>\n<div class='flex_column_table av-equal-height-column-flextable' ><div class=\"flex_column av_one_full  no_margin flex_column_table_cell av-equal-height-column av-align-top first  \" style='padding:10px; background-color:#f9f9f9; border-radius:0px; '><section class=\"av_textblock_section\"  itemscope=\"itemscope\" itemtype=\"https:\/\/schema.org\/CreativeWork\" ><div class='avia_textblock '  style='font-size:15px; '  itemprop=\"text\" ><p>CEDEK is dedicated to serving those in need. Our aim is to provide assistance to children, the homeless, the elderly, people with health issues and special needs, and &#8211; when times call for it \u2013 to refugees, pilgrims and victims of disasters and wars. Our services are available to all regardless of age, gender or background.<\/p>\n<p>By establishing its own charity organization, EMIH is hoping to serve a large population both inside and outside Hungary.<\/p>\n<\/div><\/section><\/div><\/div><!--close column table wrapper. Autoclose: 1 -->\n","protected":false},"excerpt":{"rendered":"","protected":false},"author":2,"featured_media":0,"parent":0,"menu_order":0,"comment_status":"closed","ping_status":"closed","template":"","meta":[],"yoast_head":"<!-- This site is optimized with the Yoast SEO plugin v21.8.1 - https:\/\/yoast.com\/wordpress\/plugins\/seo\/ -->\n<title>Szellemis\u00e9g - CEDEK EMIH Izraelita szeretetszolg\u00e1lat<\/title>\n<meta name=\"description\" content=\"A CEDEK elk\u00f6telezett a seg\u00edts\u00e9gny\u00fajt\u00e1sban: nemre, korra vagy vall\u00e1sra val\u00f3 tekintet n\u00e9lk\u00fcl. Seg\u00edtse munk\u00e1nkat adom\u00e1ny\u00e1val illetve \u00f6nk\u00e9ntes munk\u00e1j\u00e1val.\" \/>\n<meta name=\"robots\" content=\"index, follow, max-snippet:-1, max-image-preview:large, max-video-preview:-1\" \/>\n<link rel=\"canonical\" href=\"https:\/\/cedek.hu\/en\/our-philosophy\/\" \/>\n<meta property=\"og:locale\" content=\"en_US\" \/>\n<meta property=\"og:type\" content=\"article\" \/>\n<meta property=\"og:title\" content=\"Szellemis\u00e9g - CEDEK EMIH Izraelita szeretetszolg\u00e1lat\" \/>\n<meta property=\"og:description\" content=\"A CEDEK elk\u00f6telezett a seg\u00edts\u00e9gny\u00fajt\u00e1sban: nemre, korra vagy vall\u00e1sra val\u00f3 tekintet n\u00e9lk\u00fcl. Seg\u00edtse munk\u00e1nkat adom\u00e1ny\u00e1val illetve \u00f6nk\u00e9ntes munk\u00e1j\u00e1val.\" \/>\n<meta property=\"og:url\" content=\"https:\/\/cedek.hu\/en\/our-philosophy\/\" \/>\n<meta property=\"og:site_name\" content=\"CEDEK Izraelita szeretetszolg\u00e1lat\" \/>\n<meta property=\"article:modified_time\" content=\"2016-05-25T14:26:01+00:00\" \/>\n<meta name=\"twitter:card\" content=\"summary_large_image\" \/>\n<meta name=\"twitter:label1\" content=\"Est. reading time\" \/>\n\t<meta name=\"twitter:data1\" content=\"1 minute\" \/>\n<script type=\"application\/ld+json\" class=\"yoast-schema-graph\">{\"@context\":\"https:\/\/schema.org\",\"@graph\":[{\"@type\":\"WebPage\",\"@id\":\"https:\/\/cedek.hu\/en\/our-philosophy\/\",\"url\":\"https:\/\/cedek.hu\/en\/our-philosophy\/\",\"name\":\"Szellemis\u00e9g - CEDEK EMIH Izraelita szeretetszolg\u00e1lat\",\"isPartOf\":{\"@id\":\"https:\/\/cedek.hu\/#website\"},\"datePublished\":\"2015-10-28T19:20:39+00:00\",\"dateModified\":\"2016-05-25T14:26:01+00:00\",\"description\":\"A CEDEK elk\u00f6telezett a seg\u00edts\u00e9gny\u00fajt\u00e1sban: nemre, korra vagy vall\u00e1sra val\u00f3 tekintet n\u00e9lk\u00fcl. Seg\u00edtse munk\u00e1nkat adom\u00e1ny\u00e1val illetve \u00f6nk\u00e9ntes munk\u00e1j\u00e1val.\",\"breadcrumb\":{\"@id\":\"https:\/\/cedek.hu\/en\/our-philosophy\/#breadcrumb\"},\"inLanguage\":\"en-US\",\"potentialAction\":[{\"@type\":\"ReadAction\",\"target\":[\"https:\/\/cedek.hu\/en\/our-philosophy\/\"]}]},{\"@type\":\"BreadcrumbList\",\"@id\":\"https:\/\/cedek.hu\/en\/our-philosophy\/#breadcrumb\",\"itemListElement\":[{\"@type\":\"ListItem\",\"position\":1,\"name\":\"Kezd\u0151lap\",\"item\":\"https:\/\/cedek.hu\/en\/kezdolap\/\"},{\"@type\":\"ListItem\",\"position\":2,\"name\":\"OUR PHILOSOPHY\"}]},{\"@type\":\"WebSite\",\"@id\":\"https:\/\/cedek.hu\/#website\",\"url\":\"https:\/\/cedek.hu\/\",\"name\":\"CEDEK Izraelita szeretetszolg\u00e1lat\",\"description\":\"Izraelita szeretetszolg\u00e1lat\",\"potentialAction\":[{\"@type\":\"SearchAction\",\"target\":{\"@type\":\"EntryPoint\",\"urlTemplate\":\"https:\/\/cedek.hu\/?s={search_term_string}\"},\"query-input\":\"required name=search_term_string\"}],\"inLanguage\":\"en-US\"}]}<\/script>\n<!-- \/ Yoast SEO plugin. -->","yoast_head_json":{"title":"Szellemis\u00e9g - CEDEK EMIH Izraelita szeretetszolg\u00e1lat","description":"A CEDEK elk\u00f6telezett a seg\u00edts\u00e9gny\u00fajt\u00e1sban: nemre, korra vagy vall\u00e1sra val\u00f3 tekintet n\u00e9lk\u00fcl. Seg\u00edtse munk\u00e1nkat adom\u00e1ny\u00e1val illetve \u00f6nk\u00e9ntes munk\u00e1j\u00e1val.","robots":{"index":"index","follow":"follow","max-snippet":"max-snippet:-1","max-image-preview":"max-image-preview:large","max-video-preview":"max-video-preview:-1"},"canonical":"https:\/\/cedek.hu\/en\/our-philosophy\/","og_locale":"en_US","og_type":"article","og_title":"Szellemis\u00e9g - CEDEK EMIH Izraelita szeretetszolg\u00e1lat","og_description":"A CEDEK elk\u00f6telezett a seg\u00edts\u00e9gny\u00fajt\u00e1sban: nemre, korra vagy vall\u00e1sra val\u00f3 tekintet n\u00e9lk\u00fcl. Seg\u00edtse munk\u00e1nkat adom\u00e1ny\u00e1val illetve \u00f6nk\u00e9ntes munk\u00e1j\u00e1val.","og_url":"https:\/\/cedek.hu\/en\/our-philosophy\/","og_site_name":"CEDEK Izraelita szeretetszolg\u00e1lat","article_modified_time":"2016-05-25T14:26:01+00:00","twitter_card":"summary_large_image","twitter_misc":{"Est. reading time":"1 minute"},"schema":{"@context":"https:\/\/schema.org","@graph":[{"@type":"WebPage","@id":"https:\/\/cedek.hu\/en\/our-philosophy\/","url":"https:\/\/cedek.hu\/en\/our-philosophy\/","name":"Szellemis\u00e9g - CEDEK EMIH Izraelita szeretetszolg\u00e1lat","isPartOf":{"@id":"https:\/\/cedek.hu\/#website"},"datePublished":"2015-10-28T19:20:39+00:00","dateModified":"2016-05-25T14:26:01+00:00","description":"A CEDEK elk\u00f6telezett a seg\u00edts\u00e9gny\u00fajt\u00e1sban: nemre, korra vagy vall\u00e1sra val\u00f3 tekintet n\u00e9lk\u00fcl. Seg\u00edtse munk\u00e1nkat adom\u00e1ny\u00e1val illetve \u00f6nk\u00e9ntes munk\u00e1j\u00e1val.","breadcrumb":{"@id":"https:\/\/cedek.hu\/en\/our-philosophy\/#breadcrumb"},"inLanguage":"en-US","potentialAction":[{"@type":"ReadAction","target":["https:\/\/cedek.hu\/en\/our-philosophy\/"]}]},{"@type":"BreadcrumbList","@id":"https:\/\/cedek.hu\/en\/our-philosophy\/#breadcrumb","itemListElement":[{"@type":"ListItem","position":1,"name":"Kezd\u0151lap","item":"https:\/\/cedek.hu\/en\/kezdolap\/"},{"@type":"ListItem","position":2,"name":"OUR PHILOSOPHY"}]},{"@type":"WebSite","@id":"https:\/\/cedek.hu\/#website","url":"https:\/\/cedek.hu\/","name":"CEDEK Izraelita szeretetszolg\u00e1lat","description":"Izraelita szeretetszolg\u00e1lat","potentialAction":[{"@type":"SearchAction","target":{"@type":"EntryPoint","urlTemplate":"https:\/\/cedek.hu\/?s={search_term_string}"},"query-input":"required name=search_term_string"}],"inLanguage":"en-US"}]}},"_links":{"self":[{"href":"https:\/\/cedek.hu\/en\/wp-json\/wp\/v2\/pages\/1864"}],"collection":[{"href":"https:\/\/cedek.hu\/en\/wp-json\/wp\/v2\/pages"}],"about":[{"href":"https:\/\/cedek.hu\/en\/wp-json\/wp\/v2\/types\/page"}],"author":[{"embeddable":true,"href":"https:\/\/cedek.hu\/en\/wp-json\/wp\/v2\/users\/2"}],"replies":[{"embeddable":true,"href":"https:\/\/cedek.hu\/en\/wp-json\/wp\/v2\/comments?post=1864"}],"version-history":[{"count":2,"href":"https:\/\/cedek.hu\/en\/wp-json\/wp\/v2\/pages\/1864\/revisions"}],"predecessor-version":[{"id":1874,"href":"https:\/\/cedek.hu\/en\/wp-json\/wp\/v2\/pages\/1864\/revisions\/1874"}],"wp:attachment":[{"href":"https:\/\/cedek.hu\/en\/wp-json\/wp\/v2\/media?parent=1864"}],"curies":[{"name":"wp","href":"https:\/\/api.w.org\/{rel}","templated":true}]}}