{"id":1861,"date":"2015-10-27T19:54:31","date_gmt":"2015-10-27T17:54:31","guid":{"rendered":"http:\/\/cedek.hu\/fedezz-fel-minket\/?lang=en"},"modified":"2016-05-25T15:59:27","modified_gmt":"2016-05-25T13:59:27","slug":"fedezz-fel-minket","status":"publish","type":"page","link":"https:\/\/cedek.hu\/en\/fedezz-fel-minket\/","title":{"rendered":"WHO WE ARE"},"content":{"rendered":"<div class=\"flex_column av_one_third  flex_column_div first  \" style='padding:14px; background-color:#14284b; border-radius:0px; '><div style='padding-bottom:0px;color:#00b2e2;font-size:28px;' class='av-special-heading av-special-heading-h3 custom-color-heading blockquote modern-quote  av-inherit-size'><h3 class='av-special-heading-tag'  itemprop=\"headline\"  >CEDEK<\/h3><div class='special-heading-border'><div class='special-heading-inner-border' style='border-color:#00b2e2'><\/div><\/div><\/div><\/div>\n<div class=\"flex_column av_three_fifth  flex_column_div av-zero-column-padding   \" style='border-radius:0px; '><\/div>\n<div class='flex_column_table av-equal-height-column-flextable' ><div class=\"flex_column av_one_full  no_margin flex_column_table_cell av-equal-height-column av-align-top first  \" style='padding:10px; background-color:#f9f9f9; border-radius:0px; '><section class=\"av_textblock_section\"  itemscope=\"itemscope\" itemtype=\"https:\/\/schema.org\/CreativeWork\" ><div class='avia_textblock '  style='font-size:15px; '  itemprop=\"text\" ><p>Az Egys\u00e9ges Magyarorsz\u00e1gi Izraelita Hitk\u00f6zs\u00e9g (Statusquo Ante) a 2015-\u00f6s \u00e9v sor\u00e1n, lelkiismeretes \u00e9s \u00e1tfog\u00f3 el\u0151k\u00e9sz\u00fcletek ut\u00e1n megalap\u00edtotta saj\u00e1t szeretetszolg\u00e1lat\u00e1t, amely a CEDEK EMIH Izraelita Szeretetszolg\u00e1lat nevet kapta.<\/p>\n<p>A cedek jelent\u00e9se \u201c<strong>igazs\u00e1g<\/strong>\u201d. Az igazs\u00e1g nem az egyetlen, hanem a legmagasabb rend\u0171 tulajdons\u00e1g, amelyet Isten az embert\u0151l k\u00edv\u00e1n. \u201e<em>Cselekedj\u00e9l igazs\u00e1gosan \u00e9s szeresd a k\u00f6ny\u00f6r\u00fcletet<\/em>\u201d (Mich\u00e1 6:8.); \u00edgy foglalja \u00f6ssze a pr\u00f3f\u00e9ta emberi k\u00f6teless\u00e9geinket embert\u00e1rsainkkal szemben.<\/p>\n<\/div><\/section><\/div><\/div><!--close column table wrapper. Autoclose: 1 -->\n","protected":false},"excerpt":{"rendered":"","protected":false},"author":2,"featured_media":0,"parent":0,"menu_order":0,"comment_status":"closed","ping_status":"closed","template":"","meta":[],"yoast_head":"<!-- This site is optimized with the Yoast SEO plugin v21.8.1 - https:\/\/yoast.com\/wordpress\/plugins\/seo\/ -->\n<title>Fedezz fel minket - Cedek EMIH Izraelita Szeretetszolg\u00e1lat<\/title>\n<meta name=\"description\" content=\"CEDEK EMIH Izraelita Szeretetszolg\u00e1lat bemutatkozik. Csatlakozzon \u00d6n is hozz\u00e1nk, seg\u00edts\u00fcnk egy\u00fctt a r\u00e1szorul\u00f3knak. V\u00e1rjuk adom\u00e1nyaikat: tart\u00f3s \u00e9lelmiszer, ruha, p\u00e9nzbeli adom\u00e1nyok.\" \/>\n<meta name=\"robots\" content=\"index, follow, max-snippet:-1, max-image-preview:large, max-video-preview:-1\" \/>\n<link rel=\"canonical\" href=\"https:\/\/cedek.hu\/en\/fedezz-fel-minket\/\" \/>\n<meta property=\"og:locale\" content=\"en_US\" \/>\n<meta property=\"og:type\" content=\"article\" \/>\n<meta property=\"og:title\" content=\"Fedezz fel minket - Cedek EMIH Izraelita Szeretetszolg\u00e1lat\" \/>\n<meta property=\"og:description\" content=\"CEDEK EMIH Izraelita Szeretetszolg\u00e1lat bemutatkozik. Csatlakozzon \u00d6n is hozz\u00e1nk, seg\u00edts\u00fcnk egy\u00fctt a r\u00e1szorul\u00f3knak. V\u00e1rjuk adom\u00e1nyaikat: tart\u00f3s \u00e9lelmiszer, ruha, p\u00e9nzbeli adom\u00e1nyok.\" \/>\n<meta property=\"og:url\" content=\"https:\/\/cedek.hu\/en\/fedezz-fel-minket\/\" \/>\n<meta property=\"og:site_name\" content=\"CEDEK Izraelita szeretetszolg\u00e1lat\" \/>\n<meta property=\"article:modified_time\" content=\"2016-05-25T13:59:27+00:00\" \/>\n<meta name=\"twitter:card\" content=\"summary_large_image\" \/>\n<meta name=\"twitter:label1\" content=\"Est. reading time\" \/>\n\t<meta name=\"twitter:data1\" content=\"2 minutes\" \/>\n<script type=\"application\/ld+json\" class=\"yoast-schema-graph\">{\"@context\":\"https:\/\/schema.org\",\"@graph\":[{\"@type\":\"WebPage\",\"@id\":\"https:\/\/cedek.hu\/en\/fedezz-fel-minket\/\",\"url\":\"https:\/\/cedek.hu\/en\/fedezz-fel-minket\/\",\"name\":\"Fedezz fel minket - Cedek EMIH Izraelita Szeretetszolg\u00e1lat\",\"isPartOf\":{\"@id\":\"https:\/\/cedek.hu\/#website\"},\"datePublished\":\"2015-10-27T17:54:31+00:00\",\"dateModified\":\"2016-05-25T13:59:27+00:00\",\"description\":\"CEDEK EMIH Izraelita Szeretetszolg\u00e1lat bemutatkozik. Csatlakozzon \u00d6n is hozz\u00e1nk, seg\u00edts\u00fcnk egy\u00fctt a r\u00e1szorul\u00f3knak. V\u00e1rjuk adom\u00e1nyaikat: tart\u00f3s \u00e9lelmiszer, ruha, p\u00e9nzbeli adom\u00e1nyok.\",\"breadcrumb\":{\"@id\":\"https:\/\/cedek.hu\/en\/fedezz-fel-minket\/#breadcrumb\"},\"inLanguage\":\"en-US\",\"potentialAction\":[{\"@type\":\"ReadAction\",\"target\":[\"https:\/\/cedek.hu\/en\/fedezz-fel-minket\/\"]}]},{\"@type\":\"BreadcrumbList\",\"@id\":\"https:\/\/cedek.hu\/en\/fedezz-fel-minket\/#breadcrumb\",\"itemListElement\":[{\"@type\":\"ListItem\",\"position\":1,\"name\":\"Kezd\u0151lap\",\"item\":\"https:\/\/cedek.hu\/en\/kezdolap\/\"},{\"@type\":\"ListItem\",\"position\":2,\"name\":\"WHO WE ARE\"}]},{\"@type\":\"WebSite\",\"@id\":\"https:\/\/cedek.hu\/#website\",\"url\":\"https:\/\/cedek.hu\/\",\"name\":\"CEDEK Izraelita szeretetszolg\u00e1lat\",\"description\":\"Izraelita szeretetszolg\u00e1lat\",\"potentialAction\":[{\"@type\":\"SearchAction\",\"target\":{\"@type\":\"EntryPoint\",\"urlTemplate\":\"https:\/\/cedek.hu\/?s={search_term_string}\"},\"query-input\":\"required name=search_term_string\"}],\"inLanguage\":\"en-US\"}]}<\/script>\n<!-- \/ Yoast SEO plugin. -->","yoast_head_json":{"title":"Fedezz fel minket - Cedek EMIH Izraelita Szeretetszolg\u00e1lat","description":"CEDEK EMIH Izraelita Szeretetszolg\u00e1lat bemutatkozik. Csatlakozzon \u00d6n is hozz\u00e1nk, seg\u00edts\u00fcnk egy\u00fctt a r\u00e1szorul\u00f3knak. V\u00e1rjuk adom\u00e1nyaikat: tart\u00f3s \u00e9lelmiszer, ruha, p\u00e9nzbeli adom\u00e1nyok.","robots":{"index":"index","follow":"follow","max-snippet":"max-snippet:-1","max-image-preview":"max-image-preview:large","max-video-preview":"max-video-preview:-1"},"canonical":"https:\/\/cedek.hu\/en\/fedezz-fel-minket\/","og_locale":"en_US","og_type":"article","og_title":"Fedezz fel minket - Cedek EMIH Izraelita Szeretetszolg\u00e1lat","og_description":"CEDEK EMIH Izraelita Szeretetszolg\u00e1lat bemutatkozik. Csatlakozzon \u00d6n is hozz\u00e1nk, seg\u00edts\u00fcnk egy\u00fctt a r\u00e1szorul\u00f3knak. V\u00e1rjuk adom\u00e1nyaikat: tart\u00f3s \u00e9lelmiszer, ruha, p\u00e9nzbeli adom\u00e1nyok.","og_url":"https:\/\/cedek.hu\/en\/fedezz-fel-minket\/","og_site_name":"CEDEK Izraelita szeretetszolg\u00e1lat","article_modified_time":"2016-05-25T13:59:27+00:00","twitter_card":"summary_large_image","twitter_misc":{"Est. reading time":"2 minutes"},"schema":{"@context":"https:\/\/schema.org","@graph":[{"@type":"WebPage","@id":"https:\/\/cedek.hu\/en\/fedezz-fel-minket\/","url":"https:\/\/cedek.hu\/en\/fedezz-fel-minket\/","name":"Fedezz fel minket - Cedek EMIH Izraelita Szeretetszolg\u00e1lat","isPartOf":{"@id":"https:\/\/cedek.hu\/#website"},"datePublished":"2015-10-27T17:54:31+00:00","dateModified":"2016-05-25T13:59:27+00:00","description":"CEDEK EMIH Izraelita Szeretetszolg\u00e1lat bemutatkozik. Csatlakozzon \u00d6n is hozz\u00e1nk, seg\u00edts\u00fcnk egy\u00fctt a r\u00e1szorul\u00f3knak. V\u00e1rjuk adom\u00e1nyaikat: tart\u00f3s \u00e9lelmiszer, ruha, p\u00e9nzbeli adom\u00e1nyok.","breadcrumb":{"@id":"https:\/\/cedek.hu\/en\/fedezz-fel-minket\/#breadcrumb"},"inLanguage":"en-US","potentialAction":[{"@type":"ReadAction","target":["https:\/\/cedek.hu\/en\/fedezz-fel-minket\/"]}]},{"@type":"BreadcrumbList","@id":"https:\/\/cedek.hu\/en\/fedezz-fel-minket\/#breadcrumb","itemListElement":[{"@type":"ListItem","position":1,"name":"Kezd\u0151lap","item":"https:\/\/cedek.hu\/en\/kezdolap\/"},{"@type":"ListItem","position":2,"name":"WHO WE ARE"}]},{"@type":"WebSite","@id":"https:\/\/cedek.hu\/#website","url":"https:\/\/cedek.hu\/","name":"CEDEK Izraelita szeretetszolg\u00e1lat","description":"Izraelita szeretetszolg\u00e1lat","potentialAction":[{"@type":"SearchAction","target":{"@type":"EntryPoint","urlTemplate":"https:\/\/cedek.hu\/?s={search_term_string}"},"query-input":"required name=search_term_string"}],"inLanguage":"en-US"}]}},"_links":{"self":[{"href":"https:\/\/cedek.hu\/en\/wp-json\/wp\/v2\/pages\/1861"}],"collection":[{"href":"https:\/\/cedek.hu\/en\/wp-json\/wp\/v2\/pages"}],"about":[{"href":"https:\/\/cedek.hu\/en\/wp-json\/wp\/v2\/types\/page"}],"author":[{"embeddable":true,"href":"https:\/\/cedek.hu\/en\/wp-json\/wp\/v2\/users\/2"}],"replies":[{"embeddable":true,"href":"https:\/\/cedek.hu\/en\/wp-json\/wp\/v2\/comments?post=1861"}],"version-history":[{"count":2,"href":"https:\/\/cedek.hu\/en\/wp-json\/wp\/v2\/pages\/1861\/revisions"}],"predecessor-version":[{"id":1863,"href":"https:\/\/cedek.hu\/en\/wp-json\/wp\/v2\/pages\/1861\/revisions\/1863"}],"wp:attachment":[{"href":"https:\/\/cedek.hu\/en\/wp-json\/wp\/v2\/media?parent=1861"}],"curies":[{"name":"wp","href":"https:\/\/api.w.org\/{rel}","templated":true}]}}